{"id":88220,"date":"2021-07-05T17:48:48","date_gmt":"2021-07-05T15:48:48","guid":{"rendered":"https:\/\/new.salaisons-anniviers.ch\/?post_type=product&#038;p=88220"},"modified":"2025-04-02T15:32:02","modified_gmt":"2025-04-02T13:32:02","slug":"saucisse-de-cerf","status":"publish","type":"product","link":"https:\/\/salaisons-anniviers.ch\/de\/produkt\/saucisse-de-cerf\/","title":{"rendered":"Saucisse de cerf, 140g"},"content":{"rendered":"<div class=\"wpb-content-wrapper\"><div data-parent=\"true\" class=\"vc_row row-container\" id=\"row-unique-0\"><div class=\"row limit-width row-parent\"><div class=\"wpb_row row-inner\"><div class=\"wpb_column pos-top pos-center align_left column_parent col-lg-12 single-internal-gutter\"><div class=\"uncol style-dark\"  ><div class=\"uncoltable\"><div class=\"uncell no-block-padding\" ><div class=\"uncont\" ><div class=\"uncode_text_column\" ><p>Viande de cerf 54%, de porc, sel, \u00e9pices, sucre, fibre v\u00e9g\u00e9tale, enveloppe comestible de b\u0153uf, provenance Europe\/Suisse, produit \u00e0 base de viande \u00e0 consommer cru, se conserve sans r\u00e9frig\u00e9ration. Poids 140 gr. produit \u00e0 base de viande \u00e0 consommer cru, se conserve sans r\u00e9frig\u00e9ration, peut subir une perte de poids.<\/p>\n<p>N\u00e4hrwerte pro 100 g<br \/>\nEnergie||1370KJ,330kcal<br \/>\nFette|26|g<br \/>\ndavon ges\u00e4ttigte S\u00e4uren|10|g<br \/>\nKohlenhydrate|&lt;1|g<br \/>\n\u2013 davon Zucker|1|g<br \/>\nProteine|23|g<br \/>\nSalz|2.9|g<\/p>\n<\/div><\/div><\/div><\/div><\/div><\/div><script id=\"script-row-unique-0\" data-row=\"script-row-unique-0\" type=\"text\/javascript\" class=\"vc_controls\">UNCODE.initRow(document.getElementById(\"row-unique-0\"));<\/script><\/div><\/div><\/div>\n<\/div>","protected":false},"excerpt":{"rendered":"<p>Die Hirschwurst wird aus Hirsch- und Schweinefleisch hergestellt.<\/p>","protected":false},"featured_media":87669,"comment_status":"closed","ping_status":"closed","template":"","meta":[],"product_brand":[],"product_cat":[19],"product_tag":[288],"class_list":{"0":"post-88220","1":"product","2":"type-product","3":"status-publish","4":"has-post-thumbnail","6":"product_cat-saucisse","7":"product_tag-sans-additif","9":"first","10":"instock","11":"taxable","12":"shipping-taxable","13":"purchasable","14":"product-type-simple"},"yoast_head":"<!-- This site is optimized with the Yoast SEO plugin v27.4 - https:\/\/yoast.com\/product\/yoast-seo-wordpress\/ -->\n<title>Saucisse de cerf, 140g - Salaisons Anniviers - Produit sec du Valais<\/title>\n<meta name=\"description\" content=\"Saucisse \u00e0 la viande de cerf. Elabor\u00e9e avec de la viande de gibier suisse. Commandez vos produit du terroir en ligne.\" \/>\n<meta name=\"robots\" content=\"index, follow, max-snippet:-1, max-image-preview:large, max-video-preview:-1\" \/>\n<link rel=\"canonical\" href=\"https:\/\/salaisons-anniviers.ch\/de\/produkt\/saucisse-de-cerf\/\" \/>\n<meta property=\"og:locale\" content=\"de_DE\" \/>\n<meta property=\"og:type\" content=\"article\" \/>\n<meta property=\"og:title\" content=\"Saucisse de cerf, 140g - Salaisons Anniviers - Produit sec du Valais\" \/>\n<meta property=\"og:description\" content=\"Saucisse \u00e0 la viande de cerf. Elabor\u00e9e avec de la viande de gibier suisse. Commandez vos produit du terroir en ligne.\" \/>\n<meta property=\"og:url\" content=\"https:\/\/salaisons-anniviers.ch\/de\/produkt\/saucisse-de-cerf\/\" \/>\n<meta property=\"og:site_name\" content=\"Salaisons Anniviers\" \/>\n<meta property=\"article:modified_time\" content=\"2025-04-02T13:32:02+00:00\" \/>\n<meta property=\"og:image\" content=\"https:\/\/salaisons-anniviers.ch\/wp-content\/uploads\/2021\/06\/Cerf-grande-scaled.jpg\" \/>\n\t<meta property=\"og:image:width\" content=\"2560\" \/>\n\t<meta property=\"og:image:height\" content=\"1708\" \/>\n\t<meta property=\"og:image:type\" content=\"image\/jpeg\" \/>\n<meta name=\"twitter:card\" content=\"summary_large_image\" \/>\n<meta name=\"twitter:label1\" content=\"Gesch\u00e4tzte Lesezeit\" \/>\n\t<meta name=\"twitter:data1\" content=\"1\u00a0Minute\" \/>\n<script type=\"application\/ld+json\" class=\"yoast-schema-graph\">{\"@context\":\"https:\\\/\\\/schema.org\",\"@graph\":[{\"@type\":\"WebPage\",\"@id\":\"https:\\\/\\\/salaisons-anniviers.ch\\\/produit\\\/saucisse-de-cerf\\\/\",\"url\":\"https:\\\/\\\/salaisons-anniviers.ch\\\/produit\\\/saucisse-de-cerf\\\/\",\"name\":\"Saucisse de cerf, 140g - Salaisons Anniviers - Produit sec du Valais\",\"isPartOf\":{\"@id\":\"https:\\\/\\\/salaisons-anniviers.ch\\\/#website\"},\"primaryImageOfPage\":{\"@id\":\"https:\\\/\\\/salaisons-anniviers.ch\\\/produit\\\/saucisse-de-cerf\\\/#primaryimage\"},\"image\":{\"@id\":\"https:\\\/\\\/salaisons-anniviers.ch\\\/produit\\\/saucisse-de-cerf\\\/#primaryimage\"},\"thumbnailUrl\":\"https:\\\/\\\/salaisons-anniviers.ch\\\/wp-content\\\/uploads\\\/2021\\\/06\\\/Cerf-grande-scaled.jpg\",\"datePublished\":\"2021-07-05T15:48:48+00:00\",\"dateModified\":\"2025-04-02T13:32:02+00:00\",\"description\":\"Saucisse \u00e0 la viande de cerf. Elabor\u00e9e avec de la viande de gibier suisse. Commandez vos produit du terroir en ligne.\",\"breadcrumb\":{\"@id\":\"https:\\\/\\\/salaisons-anniviers.ch\\\/produit\\\/saucisse-de-cerf\\\/#breadcrumb\"},\"inLanguage\":\"de-CH\",\"potentialAction\":[{\"@type\":\"ReadAction\",\"target\":[\"https:\\\/\\\/salaisons-anniviers.ch\\\/produit\\\/saucisse-de-cerf\\\/\"]}]},{\"@type\":\"ImageObject\",\"inLanguage\":\"de-CH\",\"@id\":\"https:\\\/\\\/salaisons-anniviers.ch\\\/produit\\\/saucisse-de-cerf\\\/#primaryimage\",\"url\":\"https:\\\/\\\/salaisons-anniviers.ch\\\/wp-content\\\/uploads\\\/2021\\\/06\\\/Cerf-grande-scaled.jpg\",\"contentUrl\":\"https:\\\/\\\/salaisons-anniviers.ch\\\/wp-content\\\/uploads\\\/2021\\\/06\\\/Cerf-grande-scaled.jpg\",\"width\":2560,\"height\":1708,\"caption\":\"Cerf grande\"},{\"@type\":\"BreadcrumbList\",\"@id\":\"https:\\\/\\\/salaisons-anniviers.ch\\\/produit\\\/saucisse-de-cerf\\\/#breadcrumb\",\"itemListElement\":[{\"@type\":\"ListItem\",\"position\":1,\"name\":\"Accueil\",\"item\":\"https:\\\/\\\/salaisons-anniviers.ch\\\/\"},{\"@type\":\"ListItem\",\"position\":2,\"name\":\"Shop\",\"item\":\"https:\\\/\\\/salaisons-anniviers.ch\\\/shop\\\/\"},{\"@type\":\"ListItem\",\"position\":3,\"name\":\"Saucisse de cerf, 140g\"}]},{\"@type\":\"WebSite\",\"@id\":\"https:\\\/\\\/salaisons-anniviers.ch\\\/#website\",\"url\":\"https:\\\/\\\/salaisons-anniviers.ch\\\/\",\"name\":\"Salaisons Anniviers\",\"description\":\"Sp\u00e9cialit\u00e9s valaisannes\",\"publisher\":{\"@id\":\"https:\\\/\\\/salaisons-anniviers.ch\\\/#organization\"},\"potentialAction\":[{\"@type\":\"SearchAction\",\"target\":{\"@type\":\"EntryPoint\",\"urlTemplate\":\"https:\\\/\\\/salaisons-anniviers.ch\\\/?s={search_term_string}\"},\"query-input\":{\"@type\":\"PropertyValueSpecification\",\"valueRequired\":true,\"valueName\":\"search_term_string\"}}],\"inLanguage\":\"de-CH\"},{\"@type\":\"Organization\",\"@id\":\"https:\\\/\\\/salaisons-anniviers.ch\\\/#organization\",\"name\":\"Salaisons Anniviers\",\"url\":\"https:\\\/\\\/salaisons-anniviers.ch\\\/\",\"logo\":{\"@type\":\"ImageObject\",\"inLanguage\":\"de-CH\",\"@id\":\"https:\\\/\\\/salaisons-anniviers.ch\\\/#\\\/schema\\\/logo\\\/image\\\/\",\"url\":\"https:\\\/\\\/salaisons-anniviers.ch\\\/wp-content\\\/uploads\\\/2025\\\/10\\\/cropped-logo-salaisons-d-annivers-transp2.png\",\"contentUrl\":\"https:\\\/\\\/salaisons-anniviers.ch\\\/wp-content\\\/uploads\\\/2025\\\/10\\\/cropped-logo-salaisons-d-annivers-transp2.png\",\"width\":200,\"height\":202,\"caption\":\"Salaisons Anniviers\"},\"image\":{\"@id\":\"https:\\\/\\\/salaisons-anniviers.ch\\\/#\\\/schema\\\/logo\\\/image\\\/\"}}]}<\/script>\n<!-- \/ Yoast SEO plugin. -->","yoast_head_json":{"title":"Saucisse de cerf, 140g - Salaisons Anniviers - Produit sec du Valais","description":"Saucisse \u00e0 la viande de cerf. Elabor\u00e9e avec de la viande de gibier suisse. Commandez vos produit du terroir en ligne.","robots":{"index":"index","follow":"follow","max-snippet":"max-snippet:-1","max-image-preview":"max-image-preview:large","max-video-preview":"max-video-preview:-1"},"canonical":"https:\/\/salaisons-anniviers.ch\/de\/produkt\/saucisse-de-cerf\/","og_locale":"de_DE","og_type":"article","og_title":"Saucisse de cerf, 140g - Salaisons Anniviers - Produit sec du Valais","og_description":"Saucisse \u00e0 la viande de cerf. Elabor\u00e9e avec de la viande de gibier suisse. Commandez vos produit du terroir en ligne.","og_url":"https:\/\/salaisons-anniviers.ch\/de\/produkt\/saucisse-de-cerf\/","og_site_name":"Salaisons Anniviers","article_modified_time":"2025-04-02T13:32:02+00:00","og_image":[{"width":2560,"height":1708,"url":"https:\/\/salaisons-anniviers.ch\/wp-content\/uploads\/2021\/06\/Cerf-grande-scaled.jpg","type":"image\/jpeg"}],"twitter_card":"summary_large_image","twitter_misc":{"Gesch\u00e4tzte Lesezeit":"1\u00a0Minute"},"schema":{"@context":"https:\/\/schema.org","@graph":[{"@type":"WebPage","@id":"https:\/\/salaisons-anniviers.ch\/produit\/saucisse-de-cerf\/","url":"https:\/\/salaisons-anniviers.ch\/produit\/saucisse-de-cerf\/","name":"Saucisse de cerf, 140g - Salaisons Anniviers - Produit sec du Valais","isPartOf":{"@id":"https:\/\/salaisons-anniviers.ch\/#website"},"primaryImageOfPage":{"@id":"https:\/\/salaisons-anniviers.ch\/produit\/saucisse-de-cerf\/#primaryimage"},"image":{"@id":"https:\/\/salaisons-anniviers.ch\/produit\/saucisse-de-cerf\/#primaryimage"},"thumbnailUrl":"https:\/\/salaisons-anniviers.ch\/wp-content\/uploads\/2021\/06\/Cerf-grande-scaled.jpg","datePublished":"2021-07-05T15:48:48+00:00","dateModified":"2025-04-02T13:32:02+00:00","description":"Saucisse \u00e0 la viande de cerf. Elabor\u00e9e avec de la viande de gibier suisse. Commandez vos produit du terroir en ligne.","breadcrumb":{"@id":"https:\/\/salaisons-anniviers.ch\/produit\/saucisse-de-cerf\/#breadcrumb"},"inLanguage":"de-CH","potentialAction":[{"@type":"ReadAction","target":["https:\/\/salaisons-anniviers.ch\/produit\/saucisse-de-cerf\/"]}]},{"@type":"ImageObject","inLanguage":"de-CH","@id":"https:\/\/salaisons-anniviers.ch\/produit\/saucisse-de-cerf\/#primaryimage","url":"https:\/\/salaisons-anniviers.ch\/wp-content\/uploads\/2021\/06\/Cerf-grande-scaled.jpg","contentUrl":"https:\/\/salaisons-anniviers.ch\/wp-content\/uploads\/2021\/06\/Cerf-grande-scaled.jpg","width":2560,"height":1708,"caption":"Cerf grande"},{"@type":"BreadcrumbList","@id":"https:\/\/salaisons-anniviers.ch\/produit\/saucisse-de-cerf\/#breadcrumb","itemListElement":[{"@type":"ListItem","position":1,"name":"Accueil","item":"https:\/\/salaisons-anniviers.ch\/"},{"@type":"ListItem","position":2,"name":"Shop","item":"https:\/\/salaisons-anniviers.ch\/shop\/"},{"@type":"ListItem","position":3,"name":"Saucisse de cerf, 140g"}]},{"@type":"WebSite","@id":"https:\/\/salaisons-anniviers.ch\/#website","url":"https:\/\/salaisons-anniviers.ch\/","name":"Salaisons Anniviers","description":"Sp\u00e9cialit\u00e9s valaisannes","publisher":{"@id":"https:\/\/salaisons-anniviers.ch\/#organization"},"potentialAction":[{"@type":"SearchAction","target":{"@type":"EntryPoint","urlTemplate":"https:\/\/salaisons-anniviers.ch\/?s={search_term_string}"},"query-input":{"@type":"PropertyValueSpecification","valueRequired":true,"valueName":"search_term_string"}}],"inLanguage":"de-CH"},{"@type":"Organization","@id":"https:\/\/salaisons-anniviers.ch\/#organization","name":"Salaisons Anniviers","url":"https:\/\/salaisons-anniviers.ch\/","logo":{"@type":"ImageObject","inLanguage":"de-CH","@id":"https:\/\/salaisons-anniviers.ch\/#\/schema\/logo\/image\/","url":"https:\/\/salaisons-anniviers.ch\/wp-content\/uploads\/2025\/10\/cropped-logo-salaisons-d-annivers-transp2.png","contentUrl":"https:\/\/salaisons-anniviers.ch\/wp-content\/uploads\/2025\/10\/cropped-logo-salaisons-d-annivers-transp2.png","width":200,"height":202,"caption":"Salaisons Anniviers"},"image":{"@id":"https:\/\/salaisons-anniviers.ch\/#\/schema\/logo\/image\/"}}]}},"_links":{"self":[{"href":"https:\/\/salaisons-anniviers.ch\/de\/wp-json\/wp\/v2\/product\/88220","targetHints":{"allow":["GET"]}}],"collection":[{"href":"https:\/\/salaisons-anniviers.ch\/de\/wp-json\/wp\/v2\/product"}],"about":[{"href":"https:\/\/salaisons-anniviers.ch\/de\/wp-json\/wp\/v2\/types\/product"}],"replies":[{"embeddable":true,"href":"https:\/\/salaisons-anniviers.ch\/de\/wp-json\/wp\/v2\/comments?post=88220"}],"wp:featuredmedia":[{"embeddable":true,"href":"https:\/\/salaisons-anniviers.ch\/de\/wp-json\/wp\/v2\/media\/87669"}],"wp:attachment":[{"href":"https:\/\/salaisons-anniviers.ch\/de\/wp-json\/wp\/v2\/media?parent=88220"}],"wp:term":[{"taxonomy":"product_brand","embeddable":true,"href":"https:\/\/salaisons-anniviers.ch\/de\/wp-json\/wp\/v2\/product_brand?post=88220"},{"taxonomy":"product_cat","embeddable":true,"href":"https:\/\/salaisons-anniviers.ch\/de\/wp-json\/wp\/v2\/product_cat?post=88220"},{"taxonomy":"product_tag","embeddable":true,"href":"https:\/\/salaisons-anniviers.ch\/de\/wp-json\/wp\/v2\/product_tag?post=88220"}],"curies":[{"name":"wp","href":"https:\/\/api.w.org\/{rel}","templated":true}]}}