{"id":88218,"date":"2021-07-05T17:45:04","date_gmt":"2021-07-05T15:45:04","guid":{"rendered":"https:\/\/new.salaisons-anniviers.ch\/?post_type=product&#038;p=88218"},"modified":"2025-03-10T13:46:49","modified_gmt":"2025-03-10T12:46:49","slug":"coeur-aux-herbes","status":"publish","type":"product","link":"https:\/\/salaisons-anniviers.ch\/de\/produkt\/coeur-aux-herbes\/","title":{"rendered":"Kr\u00e4uterherz, 100g \/ nicht verf\u00fcgbar"},"content":{"rendered":"<div class=\"wpb-content-wrapper\"><div data-parent=\"true\" class=\"vc_row row-container\" id=\"row-unique-0\"><div class=\"row limit-width row-parent\"><div class=\"wpb_row row-inner\"><div class=\"wpb_column pos-top pos-center align_left column_parent col-lg-12 single-internal-gutter\"><div class=\"uncol style-dark\"  ><div class=\"uncoltable\"><div class=\"uncell no-block-padding\" ><div class=\"uncont\" ><div class=\"uncode_text_column\" ><p>Viande de boeuf, de porc, sel, \u00e9pices, vin rouge, viande Suisse, produit \u00e0 base de viande \u00e0 consommer cru, se conserve sans r\u00e9frig\u00e9ration, peut subir une perte de poids.<\/p>\n<p>N\u00e4hrwerte pro 100 g<br \/>\nEnergie||1370KJ,330kcal<br \/>\nFette|26|g<br \/>\ndavon ges\u00e4ttigte S\u00e4uren|10|g<br \/>\nKohlenhydrate|&lt;1|g<br \/>\n\u2013 davon Zucker|1|g<br \/>\nProteine|23|g<br \/>\nSalz|2.9|g<\/p>\n<\/div><\/div><\/div><\/div><\/div><\/div><script id=\"script-row-unique-0\" data-row=\"script-row-unique-0\" type=\"text\/javascript\" class=\"vc_controls\">UNCODE.initRow(document.getElementById(\"row-unique-0\"));<\/script><\/div><\/div><\/div>\n<\/div>","protected":false},"excerpt":{"rendered":"<p>Le c\u0153ur aux herbes est une saucisse \u00e0 base de porc et de b\u0153uf Suisse, sans boyaux. Elle est enrob\u00e9e d&rsquo;herbes dont une partie provient de la coop\u00e9rative valaisanne Valplante. Le c\u0153ur aux herbes est fabriqu\u00e9 de mani\u00e8re p\u00e9riodique pour la f\u00eate des M\u00e8res, la St-Valentin, ou d&rsquo;autres occasions.<\/p>","protected":false},"featured_media":87678,"comment_status":"closed","ping_status":"closed","template":"","meta":[],"product_brand":[],"product_cat":[19,114],"product_tag":[288],"class_list":{"0":"post-88218","1":"product","2":"type-product","3":"status-publish","4":"has-post-thumbnail","6":"product_cat-saucisse","7":"product_cat-idees-cadeaux","8":"product_tag-sans-additif","10":"first","11":"outofstock","12":"taxable","13":"shipping-taxable","14":"purchasable","15":"product-type-simple"},"yoast_head":"<!-- This site is optimized with the Yoast SEO plugin v27.4 - https:\/\/yoast.com\/product\/yoast-seo-wordpress\/ -->\n<title>C\u0153ur aux herbes, 100g - Salaisons Anniviers<\/title>\n<meta name=\"robots\" content=\"index, follow, max-snippet:-1, max-image-preview:large, max-video-preview:-1\" \/>\n<link rel=\"canonical\" href=\"https:\/\/salaisons-anniviers.ch\/de\/produkt\/coeur-aux-herbes\/\" \/>\n<meta property=\"og:locale\" content=\"de_DE\" \/>\n<meta property=\"og:type\" content=\"article\" \/>\n<meta property=\"og:title\" content=\"C\u0153ur aux herbes, 100g - Salaisons Anniviers\" \/>\n<meta property=\"og:description\" content=\"Le c\u0153ur aux herbes est une saucisse \u00e0 base de porc et de b\u0153uf Suisse, sans boyaux. Elle est enrob\u00e9e d&#039;herbes dont une partie provient de la coop\u00e9rative valaisanne Valplante. Le c\u0153ur aux herbes est fabriqu\u00e9 de mani\u00e8re p\u00e9riodique pour la f\u00eate des M\u00e8res, la St-Valentin, ou d&#039;autres occasions.\" \/>\n<meta property=\"og:url\" content=\"https:\/\/salaisons-anniviers.ch\/de\/produkt\/coeur-aux-herbes\/\" \/>\n<meta property=\"og:site_name\" content=\"Salaisons Anniviers\" \/>\n<meta property=\"article:modified_time\" content=\"2025-03-10T12:46:49+00:00\" \/>\n<meta property=\"og:image\" content=\"https:\/\/salaisons-anniviers.ch\/wp-content\/uploads\/2021\/06\/Coeur-aux-herbes-scaled.jpg\" \/>\n\t<meta property=\"og:image:width\" content=\"2560\" \/>\n\t<meta property=\"og:image:height\" content=\"1708\" \/>\n\t<meta property=\"og:image:type\" content=\"image\/jpeg\" \/>\n<meta name=\"twitter:card\" content=\"summary_large_image\" \/>\n<meta name=\"twitter:label1\" content=\"Gesch\u00e4tzte Lesezeit\" \/>\n\t<meta name=\"twitter:data1\" content=\"1\u00a0Minute\" \/>\n<script type=\"application\/ld+json\" class=\"yoast-schema-graph\">{\"@context\":\"https:\\\/\\\/schema.org\",\"@graph\":[{\"@type\":\"WebPage\",\"@id\":\"https:\\\/\\\/salaisons-anniviers.ch\\\/produit\\\/coeur-aux-herbes\\\/\",\"url\":\"https:\\\/\\\/salaisons-anniviers.ch\\\/produit\\\/coeur-aux-herbes\\\/\",\"name\":\"C\u0153ur aux herbes, 100g - Salaisons Anniviers\",\"isPartOf\":{\"@id\":\"https:\\\/\\\/salaisons-anniviers.ch\\\/#website\"},\"primaryImageOfPage\":{\"@id\":\"https:\\\/\\\/salaisons-anniviers.ch\\\/produit\\\/coeur-aux-herbes\\\/#primaryimage\"},\"image\":{\"@id\":\"https:\\\/\\\/salaisons-anniviers.ch\\\/produit\\\/coeur-aux-herbes\\\/#primaryimage\"},\"thumbnailUrl\":\"https:\\\/\\\/salaisons-anniviers.ch\\\/wp-content\\\/uploads\\\/2021\\\/06\\\/Coeur-aux-herbes-scaled.jpg\",\"datePublished\":\"2021-07-05T15:45:04+00:00\",\"dateModified\":\"2025-03-10T12:46:49+00:00\",\"breadcrumb\":{\"@id\":\"https:\\\/\\\/salaisons-anniviers.ch\\\/produit\\\/coeur-aux-herbes\\\/#breadcrumb\"},\"inLanguage\":\"de-CH\",\"potentialAction\":[{\"@type\":\"ReadAction\",\"target\":[\"https:\\\/\\\/salaisons-anniviers.ch\\\/produit\\\/coeur-aux-herbes\\\/\"]}]},{\"@type\":\"ImageObject\",\"inLanguage\":\"de-CH\",\"@id\":\"https:\\\/\\\/salaisons-anniviers.ch\\\/produit\\\/coeur-aux-herbes\\\/#primaryimage\",\"url\":\"https:\\\/\\\/salaisons-anniviers.ch\\\/wp-content\\\/uploads\\\/2021\\\/06\\\/Coeur-aux-herbes-scaled.jpg\",\"contentUrl\":\"https:\\\/\\\/salaisons-anniviers.ch\\\/wp-content\\\/uploads\\\/2021\\\/06\\\/Coeur-aux-herbes-scaled.jpg\",\"width\":2560,\"height\":1708,\"caption\":\"Coeur aux herbes\"},{\"@type\":\"BreadcrumbList\",\"@id\":\"https:\\\/\\\/salaisons-anniviers.ch\\\/produit\\\/coeur-aux-herbes\\\/#breadcrumb\",\"itemListElement\":[{\"@type\":\"ListItem\",\"position\":1,\"name\":\"Accueil\",\"item\":\"https:\\\/\\\/salaisons-anniviers.ch\\\/\"},{\"@type\":\"ListItem\",\"position\":2,\"name\":\"Shop\",\"item\":\"https:\\\/\\\/salaisons-anniviers.ch\\\/shop\\\/\"},{\"@type\":\"ListItem\",\"position\":3,\"name\":\"C\u0153ur aux herbes, 100g\"}]},{\"@type\":\"WebSite\",\"@id\":\"https:\\\/\\\/salaisons-anniviers.ch\\\/#website\",\"url\":\"https:\\\/\\\/salaisons-anniviers.ch\\\/\",\"name\":\"Salaisons Anniviers\",\"description\":\"Sp\u00e9cialit\u00e9s valaisannes\",\"publisher\":{\"@id\":\"https:\\\/\\\/salaisons-anniviers.ch\\\/#organization\"},\"potentialAction\":[{\"@type\":\"SearchAction\",\"target\":{\"@type\":\"EntryPoint\",\"urlTemplate\":\"https:\\\/\\\/salaisons-anniviers.ch\\\/?s={search_term_string}\"},\"query-input\":{\"@type\":\"PropertyValueSpecification\",\"valueRequired\":true,\"valueName\":\"search_term_string\"}}],\"inLanguage\":\"de-CH\"},{\"@type\":\"Organization\",\"@id\":\"https:\\\/\\\/salaisons-anniviers.ch\\\/#organization\",\"name\":\"Salaisons Anniviers\",\"url\":\"https:\\\/\\\/salaisons-anniviers.ch\\\/\",\"logo\":{\"@type\":\"ImageObject\",\"inLanguage\":\"de-CH\",\"@id\":\"https:\\\/\\\/salaisons-anniviers.ch\\\/#\\\/schema\\\/logo\\\/image\\\/\",\"url\":\"https:\\\/\\\/salaisons-anniviers.ch\\\/wp-content\\\/uploads\\\/2025\\\/10\\\/cropped-logo-salaisons-d-annivers-transp2.png\",\"contentUrl\":\"https:\\\/\\\/salaisons-anniviers.ch\\\/wp-content\\\/uploads\\\/2025\\\/10\\\/cropped-logo-salaisons-d-annivers-transp2.png\",\"width\":200,\"height\":202,\"caption\":\"Salaisons Anniviers\"},\"image\":{\"@id\":\"https:\\\/\\\/salaisons-anniviers.ch\\\/#\\\/schema\\\/logo\\\/image\\\/\"}}]}<\/script>\n<!-- \/ Yoast SEO plugin. -->","yoast_head_json":{"title":"C\u0153ur aux herbes, 100g - Salaisons Anniviers","robots":{"index":"index","follow":"follow","max-snippet":"max-snippet:-1","max-image-preview":"max-image-preview:large","max-video-preview":"max-video-preview:-1"},"canonical":"https:\/\/salaisons-anniviers.ch\/de\/produkt\/coeur-aux-herbes\/","og_locale":"de_DE","og_type":"article","og_title":"C\u0153ur aux herbes, 100g - Salaisons Anniviers","og_description":"Le c\u0153ur aux herbes est une saucisse \u00e0 base de porc et de b\u0153uf Suisse, sans boyaux. Elle est enrob\u00e9e d'herbes dont une partie provient de la coop\u00e9rative valaisanne Valplante. Le c\u0153ur aux herbes est fabriqu\u00e9 de mani\u00e8re p\u00e9riodique pour la f\u00eate des M\u00e8res, la St-Valentin, ou d'autres occasions.","og_url":"https:\/\/salaisons-anniviers.ch\/de\/produkt\/coeur-aux-herbes\/","og_site_name":"Salaisons Anniviers","article_modified_time":"2025-03-10T12:46:49+00:00","og_image":[{"width":2560,"height":1708,"url":"https:\/\/salaisons-anniviers.ch\/wp-content\/uploads\/2021\/06\/Coeur-aux-herbes-scaled.jpg","type":"image\/jpeg"}],"twitter_card":"summary_large_image","twitter_misc":{"Gesch\u00e4tzte Lesezeit":"1\u00a0Minute"},"schema":{"@context":"https:\/\/schema.org","@graph":[{"@type":"WebPage","@id":"https:\/\/salaisons-anniviers.ch\/produit\/coeur-aux-herbes\/","url":"https:\/\/salaisons-anniviers.ch\/produit\/coeur-aux-herbes\/","name":"C\u0153ur aux herbes, 100g - Salaisons Anniviers","isPartOf":{"@id":"https:\/\/salaisons-anniviers.ch\/#website"},"primaryImageOfPage":{"@id":"https:\/\/salaisons-anniviers.ch\/produit\/coeur-aux-herbes\/#primaryimage"},"image":{"@id":"https:\/\/salaisons-anniviers.ch\/produit\/coeur-aux-herbes\/#primaryimage"},"thumbnailUrl":"https:\/\/salaisons-anniviers.ch\/wp-content\/uploads\/2021\/06\/Coeur-aux-herbes-scaled.jpg","datePublished":"2021-07-05T15:45:04+00:00","dateModified":"2025-03-10T12:46:49+00:00","breadcrumb":{"@id":"https:\/\/salaisons-anniviers.ch\/produit\/coeur-aux-herbes\/#breadcrumb"},"inLanguage":"de-CH","potentialAction":[{"@type":"ReadAction","target":["https:\/\/salaisons-anniviers.ch\/produit\/coeur-aux-herbes\/"]}]},{"@type":"ImageObject","inLanguage":"de-CH","@id":"https:\/\/salaisons-anniviers.ch\/produit\/coeur-aux-herbes\/#primaryimage","url":"https:\/\/salaisons-anniviers.ch\/wp-content\/uploads\/2021\/06\/Coeur-aux-herbes-scaled.jpg","contentUrl":"https:\/\/salaisons-anniviers.ch\/wp-content\/uploads\/2021\/06\/Coeur-aux-herbes-scaled.jpg","width":2560,"height":1708,"caption":"Coeur aux herbes"},{"@type":"BreadcrumbList","@id":"https:\/\/salaisons-anniviers.ch\/produit\/coeur-aux-herbes\/#breadcrumb","itemListElement":[{"@type":"ListItem","position":1,"name":"Accueil","item":"https:\/\/salaisons-anniviers.ch\/"},{"@type":"ListItem","position":2,"name":"Shop","item":"https:\/\/salaisons-anniviers.ch\/shop\/"},{"@type":"ListItem","position":3,"name":"C\u0153ur aux herbes, 100g"}]},{"@type":"WebSite","@id":"https:\/\/salaisons-anniviers.ch\/#website","url":"https:\/\/salaisons-anniviers.ch\/","name":"Salaisons Anniviers","description":"Sp\u00e9cialit\u00e9s valaisannes","publisher":{"@id":"https:\/\/salaisons-anniviers.ch\/#organization"},"potentialAction":[{"@type":"SearchAction","target":{"@type":"EntryPoint","urlTemplate":"https:\/\/salaisons-anniviers.ch\/?s={search_term_string}"},"query-input":{"@type":"PropertyValueSpecification","valueRequired":true,"valueName":"search_term_string"}}],"inLanguage":"de-CH"},{"@type":"Organization","@id":"https:\/\/salaisons-anniviers.ch\/#organization","name":"Salaisons Anniviers","url":"https:\/\/salaisons-anniviers.ch\/","logo":{"@type":"ImageObject","inLanguage":"de-CH","@id":"https:\/\/salaisons-anniviers.ch\/#\/schema\/logo\/image\/","url":"https:\/\/salaisons-anniviers.ch\/wp-content\/uploads\/2025\/10\/cropped-logo-salaisons-d-annivers-transp2.png","contentUrl":"https:\/\/salaisons-anniviers.ch\/wp-content\/uploads\/2025\/10\/cropped-logo-salaisons-d-annivers-transp2.png","width":200,"height":202,"caption":"Salaisons Anniviers"},"image":{"@id":"https:\/\/salaisons-anniviers.ch\/#\/schema\/logo\/image\/"}}]}},"_links":{"self":[{"href":"https:\/\/salaisons-anniviers.ch\/de\/wp-json\/wp\/v2\/product\/88218","targetHints":{"allow":["GET"]}}],"collection":[{"href":"https:\/\/salaisons-anniviers.ch\/de\/wp-json\/wp\/v2\/product"}],"about":[{"href":"https:\/\/salaisons-anniviers.ch\/de\/wp-json\/wp\/v2\/types\/product"}],"replies":[{"embeddable":true,"href":"https:\/\/salaisons-anniviers.ch\/de\/wp-json\/wp\/v2\/comments?post=88218"}],"wp:featuredmedia":[{"embeddable":true,"href":"https:\/\/salaisons-anniviers.ch\/de\/wp-json\/wp\/v2\/media\/87678"}],"wp:attachment":[{"href":"https:\/\/salaisons-anniviers.ch\/de\/wp-json\/wp\/v2\/media?parent=88218"}],"wp:term":[{"taxonomy":"product_brand","embeddable":true,"href":"https:\/\/salaisons-anniviers.ch\/de\/wp-json\/wp\/v2\/product_brand?post=88218"},{"taxonomy":"product_cat","embeddable":true,"href":"https:\/\/salaisons-anniviers.ch\/de\/wp-json\/wp\/v2\/product_cat?post=88218"},{"taxonomy":"product_tag","embeddable":true,"href":"https:\/\/salaisons-anniviers.ch\/de\/wp-json\/wp\/v2\/product_tag?post=88218"}],"curies":[{"name":"wp","href":"https:\/\/api.w.org\/{rel}","templated":true}]}}