{"id":88204,"date":"2021-07-05T17:09:12","date_gmt":"2021-07-05T15:09:12","guid":{"rendered":"https:\/\/new.salaisons-anniviers.ch\/?post_type=product&#038;p=88204"},"modified":"2026-02-17T08:34:42","modified_gmt":"2026-02-17T07:34:42","slug":"filet-de-porc-seche-250-gr","status":"publish","type":"product","link":"https:\/\/salaisons-anniviers.ch\/de\/produkt\/filet-de-porc-seche-250-gr\/","title":{"rendered":"getrocknetes Schweinsfilet 220-260 gr"},"content":{"rendered":"<div class=\"wpb-content-wrapper\"><div data-parent=\"true\" class=\"vc_row row-container\" id=\"row-unique-0\"><div class=\"row limit-width row-parent\"><div class=\"wpb_row row-inner\"><div class=\"wpb_column pos-top pos-center align_left column_parent col-lg-12 single-internal-gutter\"><div class=\"uncol style-dark\"  ><div class=\"uncoltable\"><div class=\"uncell no-block-padding\" ><div class=\"uncont\" ><div class=\"uncode_text_column\" ><p>Schweinefleisch, Salz, Gew\u00fcrze, Zucker, Konservierungsmittel: E250, E252, S\u00e4uerungsmittel: E330, E331, Antioxidationsmittel: E301, Schweizer Fleisch, Fleischprodukt zum rohen Verzehr, ungek\u00fchlt haltbar.<\/p>\n<p>N\u00e4hrwerte pro 100 g<br \/>\nEnergie||1086KJ,260kcal<br \/>\nFett|15|g<br \/>\ndavon ges\u00e4ttigte S\u00e4uren|6|g<br \/>\nKohlenhydrate|1|g<br \/>\n\u2013 davon Zucker|0.5|g<br \/>\nProteine|30|g<br \/>\nSalz|4.3|g<\/p>\n<\/div><\/div><\/div><\/div><\/div><\/div><script id=\"script-row-unique-0\" data-row=\"script-row-unique-0\" type=\"text\/javascript\" class=\"vc_controls\">UNCODE.initRow(document.getElementById(\"row-unique-0\"));<\/script><\/div><\/div><\/div>\n<\/div>","protected":false},"excerpt":{"rendered":"<p>Das Schweinefilet wird aus dem Schweizer Schweinecarr\u00e9 ausgew\u00e4hlt. Das St\u00fcck wird wie fr\u00fcher von Hand verarbeitet und bleibt 3 bis 4 Wochen in einer P\u00f6kellake aus Gew\u00fcrzen und Salz. Dann werden die St\u00fccke w\u00e4hrend des Trocknungsprozesses, der etwa 8 Wochen dauert, gepresst.<\/p>","protected":false},"featured_media":87685,"comment_status":"closed","ping_status":"closed","template":"","meta":[],"product_brand":[],"product_cat":[105],"product_tag":[],"class_list":{"0":"post-88204","1":"product","2":"type-product","3":"status-publish","4":"has-post-thumbnail","6":"product_cat-jambon","8":"first","9":"instock","10":"taxable","11":"shipping-taxable","12":"purchasable","13":"product-type-simple"},"yoast_head":"<!-- This site is optimized with the Yoast SEO plugin v27.5 - https:\/\/yoast.com\/product\/yoast-seo-wordpress\/ -->\n<title>Filet de porc s\u00e9ch\u00e9 220-260 gr - Salaisons Anniviers - Fabrication artisanale<\/title>\n<meta name=\"description\" content=\"Filet mignon de porc s\u00e9lectionn\u00e9 dans le carr\u00e9 de porc Suisse, sal\u00e9 comme d&#039;antan \u00e0 la main en Valais. Commandez vos produits du terroir\" \/>\n<meta name=\"robots\" content=\"index, follow, max-snippet:-1, max-image-preview:large, max-video-preview:-1\" \/>\n<link rel=\"canonical\" href=\"https:\/\/salaisons-anniviers.ch\/de\/produkt\/filet-de-porc-seche-250-gr\/\" \/>\n<meta property=\"og:locale\" content=\"de_DE\" \/>\n<meta property=\"og:type\" content=\"article\" \/>\n<meta property=\"og:title\" content=\"Filet de porc s\u00e9ch\u00e9 220-260 gr - Salaisons Anniviers - Fabrication artisanale\" \/>\n<meta property=\"og:description\" content=\"Filet mignon de porc s\u00e9lectionn\u00e9 dans le carr\u00e9 de porc Suisse, sal\u00e9 comme d&#039;antan \u00e0 la main en Valais. Commandez vos produits du terroir\" \/>\n<meta property=\"og:url\" content=\"https:\/\/salaisons-anniviers.ch\/de\/produkt\/filet-de-porc-seche-250-gr\/\" \/>\n<meta property=\"og:site_name\" content=\"Salaisons Anniviers\" \/>\n<meta property=\"article:modified_time\" content=\"2026-02-17T07:34:42+00:00\" \/>\n<meta property=\"og:image\" content=\"https:\/\/salaisons-anniviers.ch\/wp-content\/uploads\/2021\/06\/Filet-de-porc-scaled.jpg\" \/>\n\t<meta property=\"og:image:width\" content=\"2560\" \/>\n\t<meta property=\"og:image:height\" content=\"1708\" \/>\n\t<meta property=\"og:image:type\" content=\"image\/jpeg\" \/>\n<meta name=\"twitter:card\" content=\"summary_large_image\" \/>\n<meta name=\"twitter:label1\" content=\"Gesch\u00e4tzte Lesezeit\" \/>\n\t<meta name=\"twitter:data1\" content=\"1\u00a0Minute\" \/>\n<script type=\"application\/ld+json\" class=\"yoast-schema-graph\">{\"@context\":\"https:\\\/\\\/schema.org\",\"@graph\":[{\"@type\":\"WebPage\",\"@id\":\"https:\\\/\\\/salaisons-anniviers.ch\\\/produit\\\/filet-de-porc-seche-250-gr\\\/\",\"url\":\"https:\\\/\\\/salaisons-anniviers.ch\\\/produit\\\/filet-de-porc-seche-250-gr\\\/\",\"name\":\"Filet de porc s\u00e9ch\u00e9 220-260 gr - Salaisons Anniviers - Fabrication artisanale\",\"isPartOf\":{\"@id\":\"https:\\\/\\\/salaisons-anniviers.ch\\\/#website\"},\"primaryImageOfPage\":{\"@id\":\"https:\\\/\\\/salaisons-anniviers.ch\\\/produit\\\/filet-de-porc-seche-250-gr\\\/#primaryimage\"},\"image\":{\"@id\":\"https:\\\/\\\/salaisons-anniviers.ch\\\/produit\\\/filet-de-porc-seche-250-gr\\\/#primaryimage\"},\"thumbnailUrl\":\"https:\\\/\\\/salaisons-anniviers.ch\\\/wp-content\\\/uploads\\\/2021\\\/06\\\/Filet-de-porc-scaled.jpg\",\"datePublished\":\"2021-07-05T15:09:12+00:00\",\"dateModified\":\"2026-02-17T07:34:42+00:00\",\"description\":\"Filet mignon de porc s\u00e9lectionn\u00e9 dans le carr\u00e9 de porc Suisse, sal\u00e9 comme d'antan \u00e0 la main en Valais. Commandez vos produits du terroir\",\"breadcrumb\":{\"@id\":\"https:\\\/\\\/salaisons-anniviers.ch\\\/produit\\\/filet-de-porc-seche-250-gr\\\/#breadcrumb\"},\"inLanguage\":\"de-CH\",\"potentialAction\":[{\"@type\":\"ReadAction\",\"target\":[\"https:\\\/\\\/salaisons-anniviers.ch\\\/produit\\\/filet-de-porc-seche-250-gr\\\/\"]}]},{\"@type\":\"ImageObject\",\"inLanguage\":\"de-CH\",\"@id\":\"https:\\\/\\\/salaisons-anniviers.ch\\\/produit\\\/filet-de-porc-seche-250-gr\\\/#primaryimage\",\"url\":\"https:\\\/\\\/salaisons-anniviers.ch\\\/wp-content\\\/uploads\\\/2021\\\/06\\\/Filet-de-porc-scaled.jpg\",\"contentUrl\":\"https:\\\/\\\/salaisons-anniviers.ch\\\/wp-content\\\/uploads\\\/2021\\\/06\\\/Filet-de-porc-scaled.jpg\",\"width\":2560,\"height\":1708,\"caption\":\"Filet de porc\"},{\"@type\":\"BreadcrumbList\",\"@id\":\"https:\\\/\\\/salaisons-anniviers.ch\\\/produit\\\/filet-de-porc-seche-250-gr\\\/#breadcrumb\",\"itemListElement\":[{\"@type\":\"ListItem\",\"position\":1,\"name\":\"Accueil\",\"item\":\"https:\\\/\\\/salaisons-anniviers.ch\\\/\"},{\"@type\":\"ListItem\",\"position\":2,\"name\":\"Shop\",\"item\":\"https:\\\/\\\/salaisons-anniviers.ch\\\/shop\\\/\"},{\"@type\":\"ListItem\",\"position\":3,\"name\":\"Filet de porc s\u00e9ch\u00e9 220-260 gr\"}]},{\"@type\":\"WebSite\",\"@id\":\"https:\\\/\\\/salaisons-anniviers.ch\\\/#website\",\"url\":\"https:\\\/\\\/salaisons-anniviers.ch\\\/\",\"name\":\"Salaisons Anniviers\",\"description\":\"Sp\u00e9cialit\u00e9s valaisannes\",\"publisher\":{\"@id\":\"https:\\\/\\\/salaisons-anniviers.ch\\\/#organization\"},\"potentialAction\":[{\"@type\":\"SearchAction\",\"target\":{\"@type\":\"EntryPoint\",\"urlTemplate\":\"https:\\\/\\\/salaisons-anniviers.ch\\\/?s={search_term_string}\"},\"query-input\":{\"@type\":\"PropertyValueSpecification\",\"valueRequired\":true,\"valueName\":\"search_term_string\"}}],\"inLanguage\":\"de-CH\"},{\"@type\":\"Organization\",\"@id\":\"https:\\\/\\\/salaisons-anniviers.ch\\\/#organization\",\"name\":\"Salaisons Anniviers\",\"url\":\"https:\\\/\\\/salaisons-anniviers.ch\\\/\",\"logo\":{\"@type\":\"ImageObject\",\"inLanguage\":\"de-CH\",\"@id\":\"https:\\\/\\\/salaisons-anniviers.ch\\\/#\\\/schema\\\/logo\\\/image\\\/\",\"url\":\"https:\\\/\\\/salaisons-anniviers.ch\\\/wp-content\\\/uploads\\\/2025\\\/10\\\/cropped-logo-salaisons-d-annivers-transp2.png\",\"contentUrl\":\"https:\\\/\\\/salaisons-anniviers.ch\\\/wp-content\\\/uploads\\\/2025\\\/10\\\/cropped-logo-salaisons-d-annivers-transp2.png\",\"width\":200,\"height\":202,\"caption\":\"Salaisons Anniviers\"},\"image\":{\"@id\":\"https:\\\/\\\/salaisons-anniviers.ch\\\/#\\\/schema\\\/logo\\\/image\\\/\"}}]}<\/script>\n<!-- \/ Yoast SEO plugin. -->","yoast_head_json":{"title":"Filet de porc s\u00e9ch\u00e9 220-260 gr - Salaisons Anniviers - Fabrication artisanale","description":"Filet mignon de porc s\u00e9lectionn\u00e9 dans le carr\u00e9 de porc Suisse, sal\u00e9 comme d'antan \u00e0 la main en Valais. Commandez vos produits du terroir","robots":{"index":"index","follow":"follow","max-snippet":"max-snippet:-1","max-image-preview":"max-image-preview:large","max-video-preview":"max-video-preview:-1"},"canonical":"https:\/\/salaisons-anniviers.ch\/de\/produkt\/filet-de-porc-seche-250-gr\/","og_locale":"de_DE","og_type":"article","og_title":"Filet de porc s\u00e9ch\u00e9 220-260 gr - Salaisons Anniviers - Fabrication artisanale","og_description":"Filet mignon de porc s\u00e9lectionn\u00e9 dans le carr\u00e9 de porc Suisse, sal\u00e9 comme d'antan \u00e0 la main en Valais. Commandez vos produits du terroir","og_url":"https:\/\/salaisons-anniviers.ch\/de\/produkt\/filet-de-porc-seche-250-gr\/","og_site_name":"Salaisons Anniviers","article_modified_time":"2026-02-17T07:34:42+00:00","og_image":[{"width":2560,"height":1708,"url":"https:\/\/salaisons-anniviers.ch\/wp-content\/uploads\/2021\/06\/Filet-de-porc-scaled.jpg","type":"image\/jpeg"}],"twitter_card":"summary_large_image","twitter_misc":{"Gesch\u00e4tzte Lesezeit":"1\u00a0Minute"},"schema":{"@context":"https:\/\/schema.org","@graph":[{"@type":"WebPage","@id":"https:\/\/salaisons-anniviers.ch\/produit\/filet-de-porc-seche-250-gr\/","url":"https:\/\/salaisons-anniviers.ch\/produit\/filet-de-porc-seche-250-gr\/","name":"Filet de porc s\u00e9ch\u00e9 220-260 gr - Salaisons Anniviers - Fabrication artisanale","isPartOf":{"@id":"https:\/\/salaisons-anniviers.ch\/#website"},"primaryImageOfPage":{"@id":"https:\/\/salaisons-anniviers.ch\/produit\/filet-de-porc-seche-250-gr\/#primaryimage"},"image":{"@id":"https:\/\/salaisons-anniviers.ch\/produit\/filet-de-porc-seche-250-gr\/#primaryimage"},"thumbnailUrl":"https:\/\/salaisons-anniviers.ch\/wp-content\/uploads\/2021\/06\/Filet-de-porc-scaled.jpg","datePublished":"2021-07-05T15:09:12+00:00","dateModified":"2026-02-17T07:34:42+00:00","description":"Filet mignon de porc s\u00e9lectionn\u00e9 dans le carr\u00e9 de porc Suisse, sal\u00e9 comme d'antan \u00e0 la main en Valais. Commandez vos produits du terroir","breadcrumb":{"@id":"https:\/\/salaisons-anniviers.ch\/produit\/filet-de-porc-seche-250-gr\/#breadcrumb"},"inLanguage":"de-CH","potentialAction":[{"@type":"ReadAction","target":["https:\/\/salaisons-anniviers.ch\/produit\/filet-de-porc-seche-250-gr\/"]}]},{"@type":"ImageObject","inLanguage":"de-CH","@id":"https:\/\/salaisons-anniviers.ch\/produit\/filet-de-porc-seche-250-gr\/#primaryimage","url":"https:\/\/salaisons-anniviers.ch\/wp-content\/uploads\/2021\/06\/Filet-de-porc-scaled.jpg","contentUrl":"https:\/\/salaisons-anniviers.ch\/wp-content\/uploads\/2021\/06\/Filet-de-porc-scaled.jpg","width":2560,"height":1708,"caption":"Filet de porc"},{"@type":"BreadcrumbList","@id":"https:\/\/salaisons-anniviers.ch\/produit\/filet-de-porc-seche-250-gr\/#breadcrumb","itemListElement":[{"@type":"ListItem","position":1,"name":"Accueil","item":"https:\/\/salaisons-anniviers.ch\/"},{"@type":"ListItem","position":2,"name":"Shop","item":"https:\/\/salaisons-anniviers.ch\/shop\/"},{"@type":"ListItem","position":3,"name":"Filet de porc s\u00e9ch\u00e9 220-260 gr"}]},{"@type":"WebSite","@id":"https:\/\/salaisons-anniviers.ch\/#website","url":"https:\/\/salaisons-anniviers.ch\/","name":"Salaisons Anniviers","description":"Sp\u00e9cialit\u00e9s valaisannes","publisher":{"@id":"https:\/\/salaisons-anniviers.ch\/#organization"},"potentialAction":[{"@type":"SearchAction","target":{"@type":"EntryPoint","urlTemplate":"https:\/\/salaisons-anniviers.ch\/?s={search_term_string}"},"query-input":{"@type":"PropertyValueSpecification","valueRequired":true,"valueName":"search_term_string"}}],"inLanguage":"de-CH"},{"@type":"Organization","@id":"https:\/\/salaisons-anniviers.ch\/#organization","name":"Salaisons Anniviers","url":"https:\/\/salaisons-anniviers.ch\/","logo":{"@type":"ImageObject","inLanguage":"de-CH","@id":"https:\/\/salaisons-anniviers.ch\/#\/schema\/logo\/image\/","url":"https:\/\/salaisons-anniviers.ch\/wp-content\/uploads\/2025\/10\/cropped-logo-salaisons-d-annivers-transp2.png","contentUrl":"https:\/\/salaisons-anniviers.ch\/wp-content\/uploads\/2025\/10\/cropped-logo-salaisons-d-annivers-transp2.png","width":200,"height":202,"caption":"Salaisons Anniviers"},"image":{"@id":"https:\/\/salaisons-anniviers.ch\/#\/schema\/logo\/image\/"}}]}},"_links":{"self":[{"href":"https:\/\/salaisons-anniviers.ch\/de\/wp-json\/wp\/v2\/product\/88204","targetHints":{"allow":["GET"]}}],"collection":[{"href":"https:\/\/salaisons-anniviers.ch\/de\/wp-json\/wp\/v2\/product"}],"about":[{"href":"https:\/\/salaisons-anniviers.ch\/de\/wp-json\/wp\/v2\/types\/product"}],"replies":[{"embeddable":true,"href":"https:\/\/salaisons-anniviers.ch\/de\/wp-json\/wp\/v2\/comments?post=88204"}],"wp:featuredmedia":[{"embeddable":true,"href":"https:\/\/salaisons-anniviers.ch\/de\/wp-json\/wp\/v2\/media\/87685"}],"wp:attachment":[{"href":"https:\/\/salaisons-anniviers.ch\/de\/wp-json\/wp\/v2\/media?parent=88204"}],"wp:term":[{"taxonomy":"product_brand","embeddable":true,"href":"https:\/\/salaisons-anniviers.ch\/de\/wp-json\/wp\/v2\/product_brand?post=88204"},{"taxonomy":"product_cat","embeddable":true,"href":"https:\/\/salaisons-anniviers.ch\/de\/wp-json\/wp\/v2\/product_cat?post=88204"},{"taxonomy":"product_tag","embeddable":true,"href":"https:\/\/salaisons-anniviers.ch\/de\/wp-json\/wp\/v2\/product_tag?post=88204"}],"curies":[{"name":"wp","href":"https:\/\/api.w.org\/{rel}","templated":true}]}}