{"id":87893,"date":"2021-07-05T10:59:13","date_gmt":"2021-07-05T08:59:13","guid":{"rendered":"https:\/\/new.salaisons-anniviers.ch\/?post_type=product&#038;p=87893"},"modified":"2026-02-17T08:44:42","modified_gmt":"2026-02-17T07:44:42","slug":"lard-sec-du-valais-igp","status":"publish","type":"product","link":"https:\/\/salaisons-anniviers.ch\/de\/produkt\/lard-sec-du-valais-igp\/","title":{"rendered":"Walliser Trockenspeck IGP"},"content":{"rendered":"<div class=\"wpb-content-wrapper\"><div data-parent=\"true\" class=\"vc_row row-container\" id=\"row-unique-0\"><div class=\"row limit-width row-parent\"><div class=\"wpb_row row-inner\"><div class=\"wpb_column pos-top pos-center align_left column_parent col-lg-12 single-internal-gutter\"><div class=\"uncol style-dark\"  ><div class=\"uncoltable\"><div class=\"uncell no-block-padding\" ><div class=\"uncont\" ><div class=\"uncode_text_column\" ><p>Schweinefleisch, Salz, Gew\u00fcrze, Zucker, , Konservierungsmittel: E250, E252, S\u00e4uerungsmittel: E262, E330, E331, Antioxidationsmittel: E301, E332, Schweizer Fleisch, Fleischprodukt zum rohen Verzehr, ungek\u00fchlt haltbar.<\/p>\n<p>N\u00e4hrwerte pro 100 g<br \/>\nEnergie||1299KJ,312kcal<br \/>\nFette|22|g<br \/>\ndavon ges\u00e4ttigte S\u00e4uren|&lt;1|g<br \/>\nKohlenhydrate|1.5|g<br \/>\n\u2013 davon Zucker|&lt;1|g<br \/>\nProteine|27|g<br \/>\nSalz|4.9|g<\/p>\n<\/div><\/div><\/div><\/div><\/div><\/div><script id=\"script-row-unique-0\" data-row=\"script-row-unique-0\" type=\"text\/javascript\" class=\"vc_controls\">UNCODE.initRow(document.getElementById(\"row-unique-0\"));<\/script><\/div><\/div><\/div>\n<\/div>","protected":false},"excerpt":{"rendered":"<p>Der Trockenspeck IGP wird aus dem Bauchspeck von Schweizer Schweinen gewonnen. Das St\u00fcck wird wie fr\u00fcher von Hand gesalzen und bleibt drei Wochen in einer P\u00f6kellake aus Gew\u00fcrzen und Salz liegen. Dann werden die St\u00fccke w\u00e4hrend des Trocknungsprozesses, der etwa 8 Wochen dauert, gepresst.<\/p>","protected":false},"featured_media":87758,"comment_status":"closed","ping_status":"closed","template":"","meta":[],"product_brand":[],"product_cat":[107],"product_tag":[],"class_list":{"0":"post-87893","1":"product","2":"type-product","3":"status-publish","4":"has-post-thumbnail","6":"product_cat-lard","8":"first","9":"instock","10":"taxable","11":"shipping-taxable","12":"purchasable","13":"product-type-variable"},"yoast_head":"<!-- This site is optimized with the Yoast SEO plugin v27.4 - https:\/\/yoast.com\/product\/yoast-seo-wordpress\/ -->\n<title>Lard sec du Valais IGP - Salaisons Anniviers - Livraison en Suisse<\/title>\n<meta name=\"description\" content=\"Lard sec du Valais \u00e0 partir de viande de porc Suisse. Fabriqu\u00e9 \u00e0 Vissoie, en Valais. Id\u00e9al pour vos ap\u00e9ros et plats valaisans\" \/>\n<meta name=\"robots\" content=\"index, follow, max-snippet:-1, max-image-preview:large, max-video-preview:-1\" \/>\n<link rel=\"canonical\" href=\"https:\/\/salaisons-anniviers.ch\/de\/produkt\/lard-sec-du-valais-igp\/\" \/>\n<meta property=\"og:locale\" content=\"de_DE\" \/>\n<meta property=\"og:type\" content=\"article\" \/>\n<meta property=\"og:title\" content=\"Lard sec du Valais IGP - Salaisons Anniviers - Livraison en Suisse\" \/>\n<meta property=\"og:description\" content=\"Lard sec du Valais \u00e0 partir de viande de porc Suisse. Fabriqu\u00e9 \u00e0 Vissoie, en Valais. Id\u00e9al pour vos ap\u00e9ros et plats valaisans\" \/>\n<meta property=\"og:url\" content=\"https:\/\/salaisons-anniviers.ch\/de\/produkt\/lard-sec-du-valais-igp\/\" \/>\n<meta property=\"og:site_name\" content=\"Salaisons Anniviers\" \/>\n<meta property=\"article:modified_time\" content=\"2026-02-17T07:44:42+00:00\" \/>\n<meta property=\"og:image\" content=\"https:\/\/salaisons-anniviers.ch\/wp-content\/uploads\/2019\/01\/DSC08887aweb.jpg\" \/>\n\t<meta property=\"og:image:width\" content=\"1700\" \/>\n\t<meta property=\"og:image:height\" content=\"1134\" \/>\n\t<meta property=\"og:image:type\" content=\"image\/jpeg\" \/>\n<meta name=\"twitter:card\" content=\"summary_large_image\" \/>\n<meta name=\"twitter:label1\" content=\"Gesch\u00e4tzte Lesezeit\" \/>\n\t<meta name=\"twitter:data1\" content=\"1\u00a0Minute\" \/>\n<script type=\"application\/ld+json\" class=\"yoast-schema-graph\">{\"@context\":\"https:\\\/\\\/schema.org\",\"@graph\":[{\"@type\":\"WebPage\",\"@id\":\"https:\\\/\\\/salaisons-anniviers.ch\\\/produit\\\/lard-sec-du-valais-igp\\\/\",\"url\":\"https:\\\/\\\/salaisons-anniviers.ch\\\/produit\\\/lard-sec-du-valais-igp\\\/\",\"name\":\"Lard sec du Valais IGP - Salaisons Anniviers - Livraison en Suisse\",\"isPartOf\":{\"@id\":\"https:\\\/\\\/salaisons-anniviers.ch\\\/#website\"},\"primaryImageOfPage\":{\"@id\":\"https:\\\/\\\/salaisons-anniviers.ch\\\/produit\\\/lard-sec-du-valais-igp\\\/#primaryimage\"},\"image\":{\"@id\":\"https:\\\/\\\/salaisons-anniviers.ch\\\/produit\\\/lard-sec-du-valais-igp\\\/#primaryimage\"},\"thumbnailUrl\":\"https:\\\/\\\/salaisons-anniviers.ch\\\/wp-content\\\/uploads\\\/2019\\\/01\\\/DSC08887aweb.jpg\",\"datePublished\":\"2021-07-05T08:59:13+00:00\",\"dateModified\":\"2026-02-17T07:44:42+00:00\",\"description\":\"Lard sec du Valais \u00e0 partir de viande de porc Suisse. Fabriqu\u00e9 \u00e0 Vissoie, en Valais. Id\u00e9al pour vos ap\u00e9ros et plats valaisans\",\"breadcrumb\":{\"@id\":\"https:\\\/\\\/salaisons-anniviers.ch\\\/produit\\\/lard-sec-du-valais-igp\\\/#breadcrumb\"},\"inLanguage\":\"de-CH\",\"potentialAction\":[{\"@type\":\"ReadAction\",\"target\":[\"https:\\\/\\\/salaisons-anniviers.ch\\\/produit\\\/lard-sec-du-valais-igp\\\/\"]}]},{\"@type\":\"ImageObject\",\"inLanguage\":\"de-CH\",\"@id\":\"https:\\\/\\\/salaisons-anniviers.ch\\\/produit\\\/lard-sec-du-valais-igp\\\/#primaryimage\",\"url\":\"https:\\\/\\\/salaisons-anniviers.ch\\\/wp-content\\\/uploads\\\/2019\\\/01\\\/DSC08887aweb.jpg\",\"contentUrl\":\"https:\\\/\\\/salaisons-anniviers.ch\\\/wp-content\\\/uploads\\\/2019\\\/01\\\/DSC08887aweb.jpg\",\"width\":1700,\"height\":1134},{\"@type\":\"BreadcrumbList\",\"@id\":\"https:\\\/\\\/salaisons-anniviers.ch\\\/produit\\\/lard-sec-du-valais-igp\\\/#breadcrumb\",\"itemListElement\":[{\"@type\":\"ListItem\",\"position\":1,\"name\":\"Accueil\",\"item\":\"https:\\\/\\\/salaisons-anniviers.ch\\\/\"},{\"@type\":\"ListItem\",\"position\":2,\"name\":\"Shop\",\"item\":\"https:\\\/\\\/salaisons-anniviers.ch\\\/shop\\\/\"},{\"@type\":\"ListItem\",\"position\":3,\"name\":\"Lard sec du Valais IGP\"}]},{\"@type\":\"WebSite\",\"@id\":\"https:\\\/\\\/salaisons-anniviers.ch\\\/#website\",\"url\":\"https:\\\/\\\/salaisons-anniviers.ch\\\/\",\"name\":\"Salaisons Anniviers\",\"description\":\"Sp\u00e9cialit\u00e9s valaisannes\",\"publisher\":{\"@id\":\"https:\\\/\\\/salaisons-anniviers.ch\\\/#organization\"},\"potentialAction\":[{\"@type\":\"SearchAction\",\"target\":{\"@type\":\"EntryPoint\",\"urlTemplate\":\"https:\\\/\\\/salaisons-anniviers.ch\\\/?s={search_term_string}\"},\"query-input\":{\"@type\":\"PropertyValueSpecification\",\"valueRequired\":true,\"valueName\":\"search_term_string\"}}],\"inLanguage\":\"de-CH\"},{\"@type\":\"Organization\",\"@id\":\"https:\\\/\\\/salaisons-anniviers.ch\\\/#organization\",\"name\":\"Salaisons Anniviers\",\"url\":\"https:\\\/\\\/salaisons-anniviers.ch\\\/\",\"logo\":{\"@type\":\"ImageObject\",\"inLanguage\":\"de-CH\",\"@id\":\"https:\\\/\\\/salaisons-anniviers.ch\\\/#\\\/schema\\\/logo\\\/image\\\/\",\"url\":\"https:\\\/\\\/salaisons-anniviers.ch\\\/wp-content\\\/uploads\\\/2025\\\/10\\\/cropped-logo-salaisons-d-annivers-transp2.png\",\"contentUrl\":\"https:\\\/\\\/salaisons-anniviers.ch\\\/wp-content\\\/uploads\\\/2025\\\/10\\\/cropped-logo-salaisons-d-annivers-transp2.png\",\"width\":200,\"height\":202,\"caption\":\"Salaisons Anniviers\"},\"image\":{\"@id\":\"https:\\\/\\\/salaisons-anniviers.ch\\\/#\\\/schema\\\/logo\\\/image\\\/\"}}]}<\/script>\n<!-- \/ Yoast SEO plugin. -->","yoast_head_json":{"title":"Lard sec du Valais IGP - Salaisons Anniviers - Livraison en Suisse","description":"Lard sec du Valais \u00e0 partir de viande de porc Suisse. Fabriqu\u00e9 \u00e0 Vissoie, en Valais. Id\u00e9al pour vos ap\u00e9ros et plats valaisans","robots":{"index":"index","follow":"follow","max-snippet":"max-snippet:-1","max-image-preview":"max-image-preview:large","max-video-preview":"max-video-preview:-1"},"canonical":"https:\/\/salaisons-anniviers.ch\/de\/produkt\/lard-sec-du-valais-igp\/","og_locale":"de_DE","og_type":"article","og_title":"Lard sec du Valais IGP - Salaisons Anniviers - Livraison en Suisse","og_description":"Lard sec du Valais \u00e0 partir de viande de porc Suisse. Fabriqu\u00e9 \u00e0 Vissoie, en Valais. Id\u00e9al pour vos ap\u00e9ros et plats valaisans","og_url":"https:\/\/salaisons-anniviers.ch\/de\/produkt\/lard-sec-du-valais-igp\/","og_site_name":"Salaisons Anniviers","article_modified_time":"2026-02-17T07:44:42+00:00","og_image":[{"width":1700,"height":1134,"url":"https:\/\/salaisons-anniviers.ch\/wp-content\/uploads\/2019\/01\/DSC08887aweb.jpg","type":"image\/jpeg"}],"twitter_card":"summary_large_image","twitter_misc":{"Gesch\u00e4tzte Lesezeit":"1\u00a0Minute"},"schema":{"@context":"https:\/\/schema.org","@graph":[{"@type":"WebPage","@id":"https:\/\/salaisons-anniviers.ch\/produit\/lard-sec-du-valais-igp\/","url":"https:\/\/salaisons-anniviers.ch\/produit\/lard-sec-du-valais-igp\/","name":"Lard sec du Valais IGP - Salaisons Anniviers - Livraison en Suisse","isPartOf":{"@id":"https:\/\/salaisons-anniviers.ch\/#website"},"primaryImageOfPage":{"@id":"https:\/\/salaisons-anniviers.ch\/produit\/lard-sec-du-valais-igp\/#primaryimage"},"image":{"@id":"https:\/\/salaisons-anniviers.ch\/produit\/lard-sec-du-valais-igp\/#primaryimage"},"thumbnailUrl":"https:\/\/salaisons-anniviers.ch\/wp-content\/uploads\/2019\/01\/DSC08887aweb.jpg","datePublished":"2021-07-05T08:59:13+00:00","dateModified":"2026-02-17T07:44:42+00:00","description":"Lard sec du Valais \u00e0 partir de viande de porc Suisse. Fabriqu\u00e9 \u00e0 Vissoie, en Valais. Id\u00e9al pour vos ap\u00e9ros et plats valaisans","breadcrumb":{"@id":"https:\/\/salaisons-anniviers.ch\/produit\/lard-sec-du-valais-igp\/#breadcrumb"},"inLanguage":"de-CH","potentialAction":[{"@type":"ReadAction","target":["https:\/\/salaisons-anniviers.ch\/produit\/lard-sec-du-valais-igp\/"]}]},{"@type":"ImageObject","inLanguage":"de-CH","@id":"https:\/\/salaisons-anniviers.ch\/produit\/lard-sec-du-valais-igp\/#primaryimage","url":"https:\/\/salaisons-anniviers.ch\/wp-content\/uploads\/2019\/01\/DSC08887aweb.jpg","contentUrl":"https:\/\/salaisons-anniviers.ch\/wp-content\/uploads\/2019\/01\/DSC08887aweb.jpg","width":1700,"height":1134},{"@type":"BreadcrumbList","@id":"https:\/\/salaisons-anniviers.ch\/produit\/lard-sec-du-valais-igp\/#breadcrumb","itemListElement":[{"@type":"ListItem","position":1,"name":"Accueil","item":"https:\/\/salaisons-anniviers.ch\/"},{"@type":"ListItem","position":2,"name":"Shop","item":"https:\/\/salaisons-anniviers.ch\/shop\/"},{"@type":"ListItem","position":3,"name":"Lard sec du Valais IGP"}]},{"@type":"WebSite","@id":"https:\/\/salaisons-anniviers.ch\/#website","url":"https:\/\/salaisons-anniviers.ch\/","name":"Salaisons Anniviers","description":"Sp\u00e9cialit\u00e9s valaisannes","publisher":{"@id":"https:\/\/salaisons-anniviers.ch\/#organization"},"potentialAction":[{"@type":"SearchAction","target":{"@type":"EntryPoint","urlTemplate":"https:\/\/salaisons-anniviers.ch\/?s={search_term_string}"},"query-input":{"@type":"PropertyValueSpecification","valueRequired":true,"valueName":"search_term_string"}}],"inLanguage":"de-CH"},{"@type":"Organization","@id":"https:\/\/salaisons-anniviers.ch\/#organization","name":"Salaisons Anniviers","url":"https:\/\/salaisons-anniviers.ch\/","logo":{"@type":"ImageObject","inLanguage":"de-CH","@id":"https:\/\/salaisons-anniviers.ch\/#\/schema\/logo\/image\/","url":"https:\/\/salaisons-anniviers.ch\/wp-content\/uploads\/2025\/10\/cropped-logo-salaisons-d-annivers-transp2.png","contentUrl":"https:\/\/salaisons-anniviers.ch\/wp-content\/uploads\/2025\/10\/cropped-logo-salaisons-d-annivers-transp2.png","width":200,"height":202,"caption":"Salaisons Anniviers"},"image":{"@id":"https:\/\/salaisons-anniviers.ch\/#\/schema\/logo\/image\/"}}]}},"_links":{"self":[{"href":"https:\/\/salaisons-anniviers.ch\/de\/wp-json\/wp\/v2\/product\/87893","targetHints":{"allow":["GET"]}}],"collection":[{"href":"https:\/\/salaisons-anniviers.ch\/de\/wp-json\/wp\/v2\/product"}],"about":[{"href":"https:\/\/salaisons-anniviers.ch\/de\/wp-json\/wp\/v2\/types\/product"}],"replies":[{"embeddable":true,"href":"https:\/\/salaisons-anniviers.ch\/de\/wp-json\/wp\/v2\/comments?post=87893"}],"wp:featuredmedia":[{"embeddable":true,"href":"https:\/\/salaisons-anniviers.ch\/de\/wp-json\/wp\/v2\/media\/87758"}],"wp:attachment":[{"href":"https:\/\/salaisons-anniviers.ch\/de\/wp-json\/wp\/v2\/media?parent=87893"}],"wp:term":[{"taxonomy":"product_brand","embeddable":true,"href":"https:\/\/salaisons-anniviers.ch\/de\/wp-json\/wp\/v2\/product_brand?post=87893"},{"taxonomy":"product_cat","embeddable":true,"href":"https:\/\/salaisons-anniviers.ch\/de\/wp-json\/wp\/v2\/product_cat?post=87893"},{"taxonomy":"product_tag","embeddable":true,"href":"https:\/\/salaisons-anniviers.ch\/de\/wp-json\/wp\/v2\/product_tag?post=87893"}],"curies":[{"name":"wp","href":"https:\/\/api.w.org\/{rel}","templated":true}]}}