{"id":87879,"date":"2021-07-05T10:34:19","date_gmt":"2021-07-05T08:34:19","guid":{"rendered":"https:\/\/new.salaisons-anniviers.ch\/?post_type=product&#038;p=87879"},"modified":"2026-03-16T09:33:02","modified_gmt":"2026-03-16T08:33:02","slug":"viande-sechee-de-cheval-ue","status":"publish","type":"product","link":"https:\/\/salaisons-anniviers.ch\/de\/produkt\/viande-sechee-de-cheval-ue\/","title":{"rendered":"Pferd Trockenfleisch, EU"},"content":{"rendered":"<div class=\"wpb-content-wrapper\"><div data-parent=\"true\" class=\"vc_row row-container\" id=\"row-unique-0\"><div class=\"row limit-width row-parent\"><div class=\"wpb_row row-inner\"><div class=\"wpb_column pos-top pos-center align_left column_parent col-lg-12 single-internal-gutter\"><div class=\"uncol style-dark\"  ><div class=\"uncoltable\"><div class=\"uncell no-block-padding\" ><div class=\"uncont\" ><div class=\"uncode_text_column\" ><p>Pferdefleisch, Salz, Gew\u00fcrze, Zucker, Konservierungsmittel: E250, E252, S\u00e4uerungsmittel: E330, E331, Antioxidationsmittel: E301, Herkunft Europa, Fleischprodukt zum Rohverzehr, ohne K\u00fchlung haltbar, kann Gewichtsverlust erleiden.<\/p>\n<p>N\u00e4hrwerte pro 100 g<br \/>\nEnergie||700KJ,165kcal<br \/>\nFette|3|g<br \/>\ndavon ges\u00e4ttigte S\u00e4uren|1|g<br \/>\nKohlenhydrate|1.5|g<br \/>\n\u2013 davon Zucker|1|g<br \/>\nProteine|33|g<br \/>\nSalz|4.|g<\/p>\n<\/div><\/div><\/div><\/div><\/div><\/div><script id=\"script-row-unique-0\" data-row=\"script-row-unique-0\" type=\"text\/javascript\" class=\"vc_controls\">UNCODE.initRow(document.getElementById(\"row-unique-0\"));<\/script><\/div><\/div><\/div>\n<\/div>","protected":false},"excerpt":{"rendered":"<p>Das getrocknete Pferdefleisch wird aus der Keule des Pferdes gew\u00e4hlt. Das St\u00fcck wird wie fr\u00fcher von Hand verarbeitet und bleibt 3 bis 4 Wochen in einer P\u00f6kellake aus Gew\u00fcrzen und Salz. Dann werden die St\u00fccke w\u00e4hrend des Trocknungsprozesses, der etwa 8 Wochen dauert, gepresst.<\/p>","protected":false},"featured_media":87675,"comment_status":"closed","ping_status":"closed","template":"","meta":[],"product_brand":[],"product_cat":[106],"product_tag":[],"class_list":{"0":"post-87879","1":"product","2":"type-product","3":"status-publish","4":"has-post-thumbnail","6":"product_cat-viande-sechee","8":"first","9":"outofstock","10":"taxable","11":"shipping-taxable","12":"purchasable","13":"product-type-variable"},"yoast_head":"<!-- This site is optimized with the Yoast SEO plugin v27.5 - https:\/\/yoast.com\/product\/yoast-seo-wordpress\/ -->\n<title>Viande s\u00e9ch\u00e9e de cheval, UE - Salaisons Anniviers - Fabriqu\u00e9 en Valais<\/title>\n<meta name=\"description\" content=\"Viande s\u00e9ch\u00e9e de cheval, sal\u00e9e et \u00e9pic\u00e9e en Suisse. Acheter vos produits secs en ligne. Id\u00e9al pour vos plats valaisans\" \/>\n<meta name=\"robots\" content=\"index, follow, max-snippet:-1, max-image-preview:large, max-video-preview:-1\" \/>\n<link rel=\"canonical\" href=\"http:\/\/salaisons-anniviers.ch\/de\/produkt\/viande-sechee-de-cheval-ue\/\" \/>\n<meta property=\"og:locale\" content=\"de_DE\" \/>\n<meta property=\"og:type\" content=\"article\" \/>\n<meta property=\"og:title\" content=\"Viande s\u00e9ch\u00e9e de cheval, UE - Salaisons Anniviers - Fabriqu\u00e9 en Valais\" \/>\n<meta property=\"og:description\" content=\"Viande s\u00e9ch\u00e9e de cheval, sal\u00e9e et \u00e9pic\u00e9e en Suisse. Acheter vos produits secs en ligne. Id\u00e9al pour vos plats valaisans\" \/>\n<meta property=\"og:url\" content=\"http:\/\/salaisons-anniviers.ch\/de\/produkt\/viande-sechee-de-cheval-ue\/\" \/>\n<meta property=\"og:site_name\" content=\"Salaisons Anniviers\" \/>\n<meta property=\"article:modified_time\" content=\"2026-03-16T08:33:02+00:00\" \/>\n<meta property=\"og:image\" content=\"https:\/\/salaisons-anniviers.ch\/wp-content\/uploads\/2021\/06\/Cheval-VS-scaled.jpg\" \/>\n\t<meta property=\"og:image:width\" content=\"2560\" \/>\n\t<meta property=\"og:image:height\" content=\"1708\" \/>\n\t<meta property=\"og:image:type\" content=\"image\/jpeg\" \/>\n<meta name=\"twitter:card\" content=\"summary_large_image\" \/>\n<meta name=\"twitter:label1\" content=\"Gesch\u00e4tzte Lesezeit\" \/>\n\t<meta name=\"twitter:data1\" content=\"1\u00a0Minute\" \/>\n<script type=\"application\/ld+json\" class=\"yoast-schema-graph\">{\"@context\":\"https:\\\/\\\/schema.org\",\"@graph\":[{\"@type\":\"WebPage\",\"@id\":\"http:\\\/\\\/salaisons-anniviers.ch\\\/de\\\/produkt\\\/viande-sechee-de-cheval-ue\\\/\",\"url\":\"http:\\\/\\\/salaisons-anniviers.ch\\\/de\\\/produkt\\\/viande-sechee-de-cheval-ue\\\/\",\"name\":\"Viande s\u00e9ch\u00e9e de cheval, UE - Salaisons Anniviers - Fabriqu\u00e9 en Valais\",\"isPartOf\":{\"@id\":\"https:\\\/\\\/salaisons-anniviers.ch\\\/#website\"},\"primaryImageOfPage\":{\"@id\":\"http:\\\/\\\/salaisons-anniviers.ch\\\/de\\\/produkt\\\/viande-sechee-de-cheval-ue\\\/#primaryimage\"},\"image\":{\"@id\":\"http:\\\/\\\/salaisons-anniviers.ch\\\/de\\\/produkt\\\/viande-sechee-de-cheval-ue\\\/#primaryimage\"},\"thumbnailUrl\":\"https:\\\/\\\/salaisons-anniviers.ch\\\/wp-content\\\/uploads\\\/2021\\\/06\\\/Cheval-VS-scaled.jpg\",\"datePublished\":\"2021-07-05T08:34:19+00:00\",\"dateModified\":\"2026-03-16T08:33:02+00:00\",\"description\":\"Viande s\u00e9ch\u00e9e de cheval, sal\u00e9e et \u00e9pic\u00e9e en Suisse. Acheter vos produits secs en ligne. Id\u00e9al pour vos plats valaisans\",\"breadcrumb\":{\"@id\":\"http:\\\/\\\/salaisons-anniviers.ch\\\/de\\\/produkt\\\/viande-sechee-de-cheval-ue\\\/#breadcrumb\"},\"inLanguage\":\"de-CH\",\"potentialAction\":[{\"@type\":\"ReadAction\",\"target\":[\"http:\\\/\\\/salaisons-anniviers.ch\\\/de\\\/produkt\\\/viande-sechee-de-cheval-ue\\\/\"]}]},{\"@type\":\"ImageObject\",\"inLanguage\":\"de-CH\",\"@id\":\"http:\\\/\\\/salaisons-anniviers.ch\\\/de\\\/produkt\\\/viande-sechee-de-cheval-ue\\\/#primaryimage\",\"url\":\"https:\\\/\\\/salaisons-anniviers.ch\\\/wp-content\\\/uploads\\\/2021\\\/06\\\/Cheval-VS-scaled.jpg\",\"contentUrl\":\"https:\\\/\\\/salaisons-anniviers.ch\\\/wp-content\\\/uploads\\\/2021\\\/06\\\/Cheval-VS-scaled.jpg\",\"width\":2560,\"height\":1708,\"caption\":\"Cheval VS\"},{\"@type\":\"BreadcrumbList\",\"@id\":\"http:\\\/\\\/salaisons-anniviers.ch\\\/de\\\/produkt\\\/viande-sechee-de-cheval-ue\\\/#breadcrumb\",\"itemListElement\":[{\"@type\":\"ListItem\",\"position\":1,\"name\":\"Accueil\",\"item\":\"https:\\\/\\\/salaisons-anniviers.ch\\\/\"},{\"@type\":\"ListItem\",\"position\":2,\"name\":\"Shop\",\"item\":\"https:\\\/\\\/salaisons-anniviers.ch\\\/shop\\\/\"},{\"@type\":\"ListItem\",\"position\":3,\"name\":\"Viande s\u00e9ch\u00e9e de cheval, UE\"}]},{\"@type\":\"WebSite\",\"@id\":\"https:\\\/\\\/salaisons-anniviers.ch\\\/#website\",\"url\":\"https:\\\/\\\/salaisons-anniviers.ch\\\/\",\"name\":\"Salaisons Anniviers\",\"description\":\"Sp\u00e9cialit\u00e9s valaisannes\",\"publisher\":{\"@id\":\"https:\\\/\\\/salaisons-anniviers.ch\\\/#organization\"},\"potentialAction\":[{\"@type\":\"SearchAction\",\"target\":{\"@type\":\"EntryPoint\",\"urlTemplate\":\"https:\\\/\\\/salaisons-anniviers.ch\\\/?s={search_term_string}\"},\"query-input\":{\"@type\":\"PropertyValueSpecification\",\"valueRequired\":true,\"valueName\":\"search_term_string\"}}],\"inLanguage\":\"de-CH\"},{\"@type\":\"Organization\",\"@id\":\"https:\\\/\\\/salaisons-anniviers.ch\\\/#organization\",\"name\":\"Salaisons Anniviers\",\"url\":\"https:\\\/\\\/salaisons-anniviers.ch\\\/\",\"logo\":{\"@type\":\"ImageObject\",\"inLanguage\":\"de-CH\",\"@id\":\"https:\\\/\\\/salaisons-anniviers.ch\\\/#\\\/schema\\\/logo\\\/image\\\/\",\"url\":\"https:\\\/\\\/salaisons-anniviers.ch\\\/wp-content\\\/uploads\\\/2025\\\/10\\\/cropped-logo-salaisons-d-annivers-transp2.png\",\"contentUrl\":\"https:\\\/\\\/salaisons-anniviers.ch\\\/wp-content\\\/uploads\\\/2025\\\/10\\\/cropped-logo-salaisons-d-annivers-transp2.png\",\"width\":200,\"height\":202,\"caption\":\"Salaisons Anniviers\"},\"image\":{\"@id\":\"https:\\\/\\\/salaisons-anniviers.ch\\\/#\\\/schema\\\/logo\\\/image\\\/\"}}]}<\/script>\n<!-- \/ Yoast SEO plugin. -->","yoast_head_json":{"title":"Viande s\u00e9ch\u00e9e de cheval, UE - Salaisons Anniviers - Fabriqu\u00e9 en Valais","description":"Viande s\u00e9ch\u00e9e de cheval, sal\u00e9e et \u00e9pic\u00e9e en Suisse. Acheter vos produits secs en ligne. Id\u00e9al pour vos plats valaisans","robots":{"index":"index","follow":"follow","max-snippet":"max-snippet:-1","max-image-preview":"max-image-preview:large","max-video-preview":"max-video-preview:-1"},"canonical":"http:\/\/salaisons-anniviers.ch\/de\/produkt\/viande-sechee-de-cheval-ue\/","og_locale":"de_DE","og_type":"article","og_title":"Viande s\u00e9ch\u00e9e de cheval, UE - Salaisons Anniviers - Fabriqu\u00e9 en Valais","og_description":"Viande s\u00e9ch\u00e9e de cheval, sal\u00e9e et \u00e9pic\u00e9e en Suisse. Acheter vos produits secs en ligne. Id\u00e9al pour vos plats valaisans","og_url":"http:\/\/salaisons-anniviers.ch\/de\/produkt\/viande-sechee-de-cheval-ue\/","og_site_name":"Salaisons Anniviers","article_modified_time":"2026-03-16T08:33:02+00:00","og_image":[{"width":2560,"height":1708,"url":"https:\/\/salaisons-anniviers.ch\/wp-content\/uploads\/2021\/06\/Cheval-VS-scaled.jpg","type":"image\/jpeg"}],"twitter_card":"summary_large_image","twitter_misc":{"Gesch\u00e4tzte Lesezeit":"1\u00a0Minute"},"schema":{"@context":"https:\/\/schema.org","@graph":[{"@type":"WebPage","@id":"http:\/\/salaisons-anniviers.ch\/de\/produkt\/viande-sechee-de-cheval-ue\/","url":"http:\/\/salaisons-anniviers.ch\/de\/produkt\/viande-sechee-de-cheval-ue\/","name":"Viande s\u00e9ch\u00e9e de cheval, UE - Salaisons Anniviers - Fabriqu\u00e9 en Valais","isPartOf":{"@id":"https:\/\/salaisons-anniviers.ch\/#website"},"primaryImageOfPage":{"@id":"http:\/\/salaisons-anniviers.ch\/de\/produkt\/viande-sechee-de-cheval-ue\/#primaryimage"},"image":{"@id":"http:\/\/salaisons-anniviers.ch\/de\/produkt\/viande-sechee-de-cheval-ue\/#primaryimage"},"thumbnailUrl":"https:\/\/salaisons-anniviers.ch\/wp-content\/uploads\/2021\/06\/Cheval-VS-scaled.jpg","datePublished":"2021-07-05T08:34:19+00:00","dateModified":"2026-03-16T08:33:02+00:00","description":"Viande s\u00e9ch\u00e9e de cheval, sal\u00e9e et \u00e9pic\u00e9e en Suisse. Acheter vos produits secs en ligne. Id\u00e9al pour vos plats valaisans","breadcrumb":{"@id":"http:\/\/salaisons-anniviers.ch\/de\/produkt\/viande-sechee-de-cheval-ue\/#breadcrumb"},"inLanguage":"de-CH","potentialAction":[{"@type":"ReadAction","target":["http:\/\/salaisons-anniviers.ch\/de\/produkt\/viande-sechee-de-cheval-ue\/"]}]},{"@type":"ImageObject","inLanguage":"de-CH","@id":"http:\/\/salaisons-anniviers.ch\/de\/produkt\/viande-sechee-de-cheval-ue\/#primaryimage","url":"https:\/\/salaisons-anniviers.ch\/wp-content\/uploads\/2021\/06\/Cheval-VS-scaled.jpg","contentUrl":"https:\/\/salaisons-anniviers.ch\/wp-content\/uploads\/2021\/06\/Cheval-VS-scaled.jpg","width":2560,"height":1708,"caption":"Cheval VS"},{"@type":"BreadcrumbList","@id":"http:\/\/salaisons-anniviers.ch\/de\/produkt\/viande-sechee-de-cheval-ue\/#breadcrumb","itemListElement":[{"@type":"ListItem","position":1,"name":"Accueil","item":"https:\/\/salaisons-anniviers.ch\/"},{"@type":"ListItem","position":2,"name":"Shop","item":"https:\/\/salaisons-anniviers.ch\/shop\/"},{"@type":"ListItem","position":3,"name":"Viande s\u00e9ch\u00e9e de cheval, UE"}]},{"@type":"WebSite","@id":"https:\/\/salaisons-anniviers.ch\/#website","url":"https:\/\/salaisons-anniviers.ch\/","name":"Salaisons Anniviers","description":"Sp\u00e9cialit\u00e9s valaisannes","publisher":{"@id":"https:\/\/salaisons-anniviers.ch\/#organization"},"potentialAction":[{"@type":"SearchAction","target":{"@type":"EntryPoint","urlTemplate":"https:\/\/salaisons-anniviers.ch\/?s={search_term_string}"},"query-input":{"@type":"PropertyValueSpecification","valueRequired":true,"valueName":"search_term_string"}}],"inLanguage":"de-CH"},{"@type":"Organization","@id":"https:\/\/salaisons-anniviers.ch\/#organization","name":"Salaisons Anniviers","url":"https:\/\/salaisons-anniviers.ch\/","logo":{"@type":"ImageObject","inLanguage":"de-CH","@id":"https:\/\/salaisons-anniviers.ch\/#\/schema\/logo\/image\/","url":"https:\/\/salaisons-anniviers.ch\/wp-content\/uploads\/2025\/10\/cropped-logo-salaisons-d-annivers-transp2.png","contentUrl":"https:\/\/salaisons-anniviers.ch\/wp-content\/uploads\/2025\/10\/cropped-logo-salaisons-d-annivers-transp2.png","width":200,"height":202,"caption":"Salaisons Anniviers"},"image":{"@id":"https:\/\/salaisons-anniviers.ch\/#\/schema\/logo\/image\/"}}]}},"_links":{"self":[{"href":"https:\/\/salaisons-anniviers.ch\/de\/wp-json\/wp\/v2\/product\/87879","targetHints":{"allow":["GET"]}}],"collection":[{"href":"https:\/\/salaisons-anniviers.ch\/de\/wp-json\/wp\/v2\/product"}],"about":[{"href":"https:\/\/salaisons-anniviers.ch\/de\/wp-json\/wp\/v2\/types\/product"}],"replies":[{"embeddable":true,"href":"https:\/\/salaisons-anniviers.ch\/de\/wp-json\/wp\/v2\/comments?post=87879"}],"wp:featuredmedia":[{"embeddable":true,"href":"https:\/\/salaisons-anniviers.ch\/de\/wp-json\/wp\/v2\/media\/87675"}],"wp:attachment":[{"href":"https:\/\/salaisons-anniviers.ch\/de\/wp-json\/wp\/v2\/media?parent=87879"}],"wp:term":[{"taxonomy":"product_brand","embeddable":true,"href":"https:\/\/salaisons-anniviers.ch\/de\/wp-json\/wp\/v2\/product_brand?post=87879"},{"taxonomy":"product_cat","embeddable":true,"href":"https:\/\/salaisons-anniviers.ch\/de\/wp-json\/wp\/v2\/product_cat?post=87879"},{"taxonomy":"product_tag","embeddable":true,"href":"https:\/\/salaisons-anniviers.ch\/de\/wp-json\/wp\/v2\/product_tag?post=87879"}],"curies":[{"name":"wp","href":"https:\/\/api.w.org\/{rel}","templated":true}]}}