{"id":112247,"date":"2025-07-15T08:06:16","date_gmt":"2025-07-15T06:06:16","guid":{"rendered":"https:\/\/salaisons-anniviers.ch\/?post_type=product&#038;p=112247"},"modified":"2026-04-07T14:38:24","modified_gmt":"2026-04-07T12:38:24","slug":"baton-de-lard-sans-conservateur-numero-e","status":"publish","type":"product","link":"https:\/\/salaisons-anniviers.ch\/de\/produkt\/baton-de-lard-sans-conservateur-numero-e\/","title":{"rendered":"B\u00e2ton de Lard, sans conservateur (num\u00e9ro E)"},"content":{"rendered":"<div class=\"wpb-content-wrapper\"><div data-parent=\"true\" class=\"vc_row row-container\" id=\"row-unique-0\"><div class=\"row limit-width row-parent\"><div class=\"wpb_row row-inner\"><div class=\"wpb_column pos-top pos-center align_left column_parent col-lg-12 single-internal-gutter\"><div class=\"uncol style-dark\"  ><div class=\"uncoltable\"><div class=\"uncell no-block-padding\" ><div class=\"uncont\" ><div class=\"uncode_text_column\" ><p>Schweinefleisch CH, Salz, Kr\u00e4uter, Gew\u00fcrze, Zucker, Fleischprodukt zum rohen Verzehr, ungek\u00fchlt haltbar, kann Gewichtsverlust erleiden<\/p>\n<p>N\u00e4hrwerte pro 100 g<br \/>\nEnergie||1299KJ,312kcal<br \/>\nFette|22|g<br \/>\ndavon ges\u00e4ttigte S\u00e4uren|&lt;1|g<br \/>\nKohlenhydrate|1.5|g<br \/>\n\u2013 davon Zucker|&lt;1|g<br \/>\nProteine|27|g<br \/>\nSalz|4.9|g<\/p>\n<\/div><\/div><\/div><\/div><\/div><\/div><script id=\"script-row-unique-0\" data-row=\"script-row-unique-0\" type=\"text\/javascript\" class=\"vc_controls\">UNCODE.initRow(document.getElementById(\"row-unique-0\"));<\/script><\/div><\/div><\/div>\n<\/div>","protected":false},"excerpt":{"rendered":"<p>Der Trockenspeck IGP wird aus dem Bauchspeck von Schweizer Schweinen gewonnen. Das St\u00fcck wird wie fr\u00fcher von Hand gesalzen und bleibt drei Wochen in einer P\u00f6kellake aus Gew\u00fcrzen und Salz liegen. Dann werden die St\u00fccke w\u00e4hrend des Trocknungsprozesses, der etwa 8 Wochen dauert, gepresst.<\/p>\n<p>Diese Version von getrocknetem Speck enth\u00e4lt kein Nitritsalz und keinen Zusatz von Konservierungsstoffen (Nummer E).<\/p>","protected":false},"featured_media":112254,"comment_status":"closed","ping_status":"closed","template":"","meta":[],"product_brand":[],"product_cat":[107],"product_tag":[288],"class_list":{"0":"post-112247","1":"product","2":"type-product","3":"status-publish","4":"has-post-thumbnail","6":"product_cat-lard","7":"product_tag-sans-additif","9":"first","10":"instock","11":"taxable","12":"shipping-taxable","13":"purchasable","14":"product-type-variable"},"yoast_head":"<!-- This site is optimized with the Yoast SEO plugin v27.4 - https:\/\/yoast.com\/product\/yoast-seo-wordpress\/ -->\n<title>B\u00e2ton de Lard, sans conservateur (num\u00e9ro E) - Salaisons Anniviers - Livraison en Suisse<\/title>\n<meta name=\"description\" content=\"Lard sec du Valais \u00e0 partir de viande de porc Suisse. Fabriqu\u00e9 \u00e0 Vissoie, en Valais. Id\u00e9al pour vos ap\u00e9ros et plats valaisans\" \/>\n<meta name=\"robots\" content=\"index, follow, max-snippet:-1, max-image-preview:large, max-video-preview:-1\" \/>\n<link rel=\"canonical\" href=\"https:\/\/salaisons-anniviers.ch\/de\/produkt\/baton-de-lard-sans-conservateur-numero-e\/\" \/>\n<meta property=\"og:locale\" content=\"de_DE\" \/>\n<meta property=\"og:type\" content=\"article\" \/>\n<meta property=\"og:title\" content=\"B\u00e2ton de Lard, sans conservateur (num\u00e9ro E) - Salaisons Anniviers - Livraison en Suisse\" \/>\n<meta property=\"og:description\" content=\"Lard sec du Valais \u00e0 partir de viande de porc Suisse. Fabriqu\u00e9 \u00e0 Vissoie, en Valais. Id\u00e9al pour vos ap\u00e9ros et plats valaisans\" \/>\n<meta property=\"og:url\" content=\"https:\/\/salaisons-anniviers.ch\/de\/produkt\/baton-de-lard-sans-conservateur-numero-e\/\" \/>\n<meta property=\"og:site_name\" content=\"Salaisons Anniviers\" \/>\n<meta property=\"article:modified_time\" content=\"2026-04-07T12:38:24+00:00\" \/>\n<meta property=\"og:image\" content=\"https:\/\/salaisons-anniviers.ch\/wp-content\/uploads\/2025\/07\/133888-lard-baton-herbes-scaled.jpg\" \/>\n\t<meta property=\"og:image:width\" content=\"2560\" \/>\n\t<meta property=\"og:image:height\" content=\"1708\" \/>\n\t<meta property=\"og:image:type\" content=\"image\/jpeg\" \/>\n<meta name=\"twitter:card\" content=\"summary_large_image\" \/>\n<meta name=\"twitter:label1\" content=\"Gesch\u00e4tzte Lesezeit\" \/>\n\t<meta name=\"twitter:data1\" content=\"1\u00a0Minute\" \/>\n<script type=\"application\/ld+json\" class=\"yoast-schema-graph\">{\"@context\":\"https:\\\/\\\/schema.org\",\"@graph\":[{\"@type\":\"WebPage\",\"@id\":\"https:\\\/\\\/salaisons-anniviers.ch\\\/produit\\\/baton-de-lard-sans-conservateur-numero-e\\\/\",\"url\":\"https:\\\/\\\/salaisons-anniviers.ch\\\/produit\\\/baton-de-lard-sans-conservateur-numero-e\\\/\",\"name\":\"B\u00e2ton de Lard, sans conservateur (num\u00e9ro E) - Salaisons Anniviers - Livraison en Suisse\",\"isPartOf\":{\"@id\":\"https:\\\/\\\/salaisons-anniviers.ch\\\/#website\"},\"primaryImageOfPage\":{\"@id\":\"https:\\\/\\\/salaisons-anniviers.ch\\\/produit\\\/baton-de-lard-sans-conservateur-numero-e\\\/#primaryimage\"},\"image\":{\"@id\":\"https:\\\/\\\/salaisons-anniviers.ch\\\/produit\\\/baton-de-lard-sans-conservateur-numero-e\\\/#primaryimage\"},\"thumbnailUrl\":\"https:\\\/\\\/salaisons-anniviers.ch\\\/wp-content\\\/uploads\\\/2025\\\/07\\\/133888-lard-baton-herbes-scaled.jpg\",\"datePublished\":\"2025-07-15T06:06:16+00:00\",\"dateModified\":\"2026-04-07T12:38:24+00:00\",\"description\":\"Lard sec du Valais \u00e0 partir de viande de porc Suisse. Fabriqu\u00e9 \u00e0 Vissoie, en Valais. Id\u00e9al pour vos ap\u00e9ros et plats valaisans\",\"breadcrumb\":{\"@id\":\"https:\\\/\\\/salaisons-anniviers.ch\\\/produit\\\/baton-de-lard-sans-conservateur-numero-e\\\/#breadcrumb\"},\"inLanguage\":\"de-CH\",\"potentialAction\":[{\"@type\":\"ReadAction\",\"target\":[\"https:\\\/\\\/salaisons-anniviers.ch\\\/produit\\\/baton-de-lard-sans-conservateur-numero-e\\\/\"]}]},{\"@type\":\"ImageObject\",\"inLanguage\":\"de-CH\",\"@id\":\"https:\\\/\\\/salaisons-anniviers.ch\\\/produit\\\/baton-de-lard-sans-conservateur-numero-e\\\/#primaryimage\",\"url\":\"https:\\\/\\\/salaisons-anniviers.ch\\\/wp-content\\\/uploads\\\/2025\\\/07\\\/133888-lard-baton-herbes-scaled.jpg\",\"contentUrl\":\"https:\\\/\\\/salaisons-anniviers.ch\\\/wp-content\\\/uploads\\\/2025\\\/07\\\/133888-lard-baton-herbes-scaled.jpg\",\"width\":2560,\"height\":1708},{\"@type\":\"BreadcrumbList\",\"@id\":\"https:\\\/\\\/salaisons-anniviers.ch\\\/produit\\\/baton-de-lard-sans-conservateur-numero-e\\\/#breadcrumb\",\"itemListElement\":[{\"@type\":\"ListItem\",\"position\":1,\"name\":\"Accueil\",\"item\":\"https:\\\/\\\/salaisons-anniviers.ch\\\/\"},{\"@type\":\"ListItem\",\"position\":2,\"name\":\"Shop\",\"item\":\"https:\\\/\\\/salaisons-anniviers.ch\\\/shop\\\/\"},{\"@type\":\"ListItem\",\"position\":3,\"name\":\"B\u00e2ton de Lard, sans conservateur (num\u00e9ro E)\"}]},{\"@type\":\"WebSite\",\"@id\":\"https:\\\/\\\/salaisons-anniviers.ch\\\/#website\",\"url\":\"https:\\\/\\\/salaisons-anniviers.ch\\\/\",\"name\":\"Salaisons Anniviers\",\"description\":\"Sp\u00e9cialit\u00e9s valaisannes\",\"publisher\":{\"@id\":\"https:\\\/\\\/salaisons-anniviers.ch\\\/#organization\"},\"potentialAction\":[{\"@type\":\"SearchAction\",\"target\":{\"@type\":\"EntryPoint\",\"urlTemplate\":\"https:\\\/\\\/salaisons-anniviers.ch\\\/?s={search_term_string}\"},\"query-input\":{\"@type\":\"PropertyValueSpecification\",\"valueRequired\":true,\"valueName\":\"search_term_string\"}}],\"inLanguage\":\"de-CH\"},{\"@type\":\"Organization\",\"@id\":\"https:\\\/\\\/salaisons-anniviers.ch\\\/#organization\",\"name\":\"Salaisons Anniviers\",\"url\":\"https:\\\/\\\/salaisons-anniviers.ch\\\/\",\"logo\":{\"@type\":\"ImageObject\",\"inLanguage\":\"de-CH\",\"@id\":\"https:\\\/\\\/salaisons-anniviers.ch\\\/#\\\/schema\\\/logo\\\/image\\\/\",\"url\":\"https:\\\/\\\/salaisons-anniviers.ch\\\/wp-content\\\/uploads\\\/2025\\\/10\\\/cropped-logo-salaisons-d-annivers-transp2.png\",\"contentUrl\":\"https:\\\/\\\/salaisons-anniviers.ch\\\/wp-content\\\/uploads\\\/2025\\\/10\\\/cropped-logo-salaisons-d-annivers-transp2.png\",\"width\":200,\"height\":202,\"caption\":\"Salaisons Anniviers\"},\"image\":{\"@id\":\"https:\\\/\\\/salaisons-anniviers.ch\\\/#\\\/schema\\\/logo\\\/image\\\/\"}}]}<\/script>\n<!-- \/ Yoast SEO plugin. -->","yoast_head_json":{"title":"B\u00e2ton de Lard, sans conservateur (num\u00e9ro E) - Salaisons Anniviers - Livraison en Suisse","description":"Lard sec du Valais \u00e0 partir de viande de porc Suisse. Fabriqu\u00e9 \u00e0 Vissoie, en Valais. Id\u00e9al pour vos ap\u00e9ros et plats valaisans","robots":{"index":"index","follow":"follow","max-snippet":"max-snippet:-1","max-image-preview":"max-image-preview:large","max-video-preview":"max-video-preview:-1"},"canonical":"https:\/\/salaisons-anniviers.ch\/de\/produkt\/baton-de-lard-sans-conservateur-numero-e\/","og_locale":"de_DE","og_type":"article","og_title":"B\u00e2ton de Lard, sans conservateur (num\u00e9ro E) - Salaisons Anniviers - Livraison en Suisse","og_description":"Lard sec du Valais \u00e0 partir de viande de porc Suisse. Fabriqu\u00e9 \u00e0 Vissoie, en Valais. Id\u00e9al pour vos ap\u00e9ros et plats valaisans","og_url":"https:\/\/salaisons-anniviers.ch\/de\/produkt\/baton-de-lard-sans-conservateur-numero-e\/","og_site_name":"Salaisons Anniviers","article_modified_time":"2026-04-07T12:38:24+00:00","og_image":[{"width":2560,"height":1708,"url":"https:\/\/salaisons-anniviers.ch\/wp-content\/uploads\/2025\/07\/133888-lard-baton-herbes-scaled.jpg","type":"image\/jpeg"}],"twitter_card":"summary_large_image","twitter_misc":{"Gesch\u00e4tzte Lesezeit":"1\u00a0Minute"},"schema":{"@context":"https:\/\/schema.org","@graph":[{"@type":"WebPage","@id":"https:\/\/salaisons-anniviers.ch\/produit\/baton-de-lard-sans-conservateur-numero-e\/","url":"https:\/\/salaisons-anniviers.ch\/produit\/baton-de-lard-sans-conservateur-numero-e\/","name":"B\u00e2ton de Lard, sans conservateur (num\u00e9ro E) - Salaisons Anniviers - Livraison en Suisse","isPartOf":{"@id":"https:\/\/salaisons-anniviers.ch\/#website"},"primaryImageOfPage":{"@id":"https:\/\/salaisons-anniviers.ch\/produit\/baton-de-lard-sans-conservateur-numero-e\/#primaryimage"},"image":{"@id":"https:\/\/salaisons-anniviers.ch\/produit\/baton-de-lard-sans-conservateur-numero-e\/#primaryimage"},"thumbnailUrl":"https:\/\/salaisons-anniviers.ch\/wp-content\/uploads\/2025\/07\/133888-lard-baton-herbes-scaled.jpg","datePublished":"2025-07-15T06:06:16+00:00","dateModified":"2026-04-07T12:38:24+00:00","description":"Lard sec du Valais \u00e0 partir de viande de porc Suisse. Fabriqu\u00e9 \u00e0 Vissoie, en Valais. Id\u00e9al pour vos ap\u00e9ros et plats valaisans","breadcrumb":{"@id":"https:\/\/salaisons-anniviers.ch\/produit\/baton-de-lard-sans-conservateur-numero-e\/#breadcrumb"},"inLanguage":"de-CH","potentialAction":[{"@type":"ReadAction","target":["https:\/\/salaisons-anniviers.ch\/produit\/baton-de-lard-sans-conservateur-numero-e\/"]}]},{"@type":"ImageObject","inLanguage":"de-CH","@id":"https:\/\/salaisons-anniviers.ch\/produit\/baton-de-lard-sans-conservateur-numero-e\/#primaryimage","url":"https:\/\/salaisons-anniviers.ch\/wp-content\/uploads\/2025\/07\/133888-lard-baton-herbes-scaled.jpg","contentUrl":"https:\/\/salaisons-anniviers.ch\/wp-content\/uploads\/2025\/07\/133888-lard-baton-herbes-scaled.jpg","width":2560,"height":1708},{"@type":"BreadcrumbList","@id":"https:\/\/salaisons-anniviers.ch\/produit\/baton-de-lard-sans-conservateur-numero-e\/#breadcrumb","itemListElement":[{"@type":"ListItem","position":1,"name":"Accueil","item":"https:\/\/salaisons-anniviers.ch\/"},{"@type":"ListItem","position":2,"name":"Shop","item":"https:\/\/salaisons-anniviers.ch\/shop\/"},{"@type":"ListItem","position":3,"name":"B\u00e2ton de Lard, sans conservateur (num\u00e9ro E)"}]},{"@type":"WebSite","@id":"https:\/\/salaisons-anniviers.ch\/#website","url":"https:\/\/salaisons-anniviers.ch\/","name":"Salaisons Anniviers","description":"Sp\u00e9cialit\u00e9s valaisannes","publisher":{"@id":"https:\/\/salaisons-anniviers.ch\/#organization"},"potentialAction":[{"@type":"SearchAction","target":{"@type":"EntryPoint","urlTemplate":"https:\/\/salaisons-anniviers.ch\/?s={search_term_string}"},"query-input":{"@type":"PropertyValueSpecification","valueRequired":true,"valueName":"search_term_string"}}],"inLanguage":"de-CH"},{"@type":"Organization","@id":"https:\/\/salaisons-anniviers.ch\/#organization","name":"Salaisons Anniviers","url":"https:\/\/salaisons-anniviers.ch\/","logo":{"@type":"ImageObject","inLanguage":"de-CH","@id":"https:\/\/salaisons-anniviers.ch\/#\/schema\/logo\/image\/","url":"https:\/\/salaisons-anniviers.ch\/wp-content\/uploads\/2025\/10\/cropped-logo-salaisons-d-annivers-transp2.png","contentUrl":"https:\/\/salaisons-anniviers.ch\/wp-content\/uploads\/2025\/10\/cropped-logo-salaisons-d-annivers-transp2.png","width":200,"height":202,"caption":"Salaisons Anniviers"},"image":{"@id":"https:\/\/salaisons-anniviers.ch\/#\/schema\/logo\/image\/"}}]}},"_links":{"self":[{"href":"https:\/\/salaisons-anniviers.ch\/de\/wp-json\/wp\/v2\/product\/112247","targetHints":{"allow":["GET"]}}],"collection":[{"href":"https:\/\/salaisons-anniviers.ch\/de\/wp-json\/wp\/v2\/product"}],"about":[{"href":"https:\/\/salaisons-anniviers.ch\/de\/wp-json\/wp\/v2\/types\/product"}],"replies":[{"embeddable":true,"href":"https:\/\/salaisons-anniviers.ch\/de\/wp-json\/wp\/v2\/comments?post=112247"}],"wp:featuredmedia":[{"embeddable":true,"href":"https:\/\/salaisons-anniviers.ch\/de\/wp-json\/wp\/v2\/media\/112254"}],"wp:attachment":[{"href":"https:\/\/salaisons-anniviers.ch\/de\/wp-json\/wp\/v2\/media?parent=112247"}],"wp:term":[{"taxonomy":"product_brand","embeddable":true,"href":"https:\/\/salaisons-anniviers.ch\/de\/wp-json\/wp\/v2\/product_brand?post=112247"},{"taxonomy":"product_cat","embeddable":true,"href":"https:\/\/salaisons-anniviers.ch\/de\/wp-json\/wp\/v2\/product_cat?post=112247"},{"taxonomy":"product_tag","embeddable":true,"href":"https:\/\/salaisons-anniviers.ch\/de\/wp-json\/wp\/v2\/product_tag?post=112247"}],"curies":[{"name":"wp","href":"https:\/\/api.w.org\/{rel}","templated":true}]}}