{"id":87950,"date":"2021-07-05T13:38:13","date_gmt":"2021-07-05T11:38:13","guid":{"rendered":"https:\/\/new.salaisons-anniviers.ch\/?page_id=87950"},"modified":"2021-07-26T09:55:35","modified_gmt":"2021-07-26T07:55:35","slug":"politique-de-confidentialite","status":"publish","type":"page","link":"https:\/\/salaisons-anniviers.ch\/de\/politique-de-confidentialite\/","title":{"rendered":"Datenschutzrichtlinie"},"content":{"rendered":"<div class=\"wpb-content-wrapper\"><div data-parent=\"true\" class=\"vc_row row-container\" id=\"row-unique-0\"><div class=\"row col-double-gutter quad-top-padding quad-bottom-padding single-h-padding limit-width row-parent\"><div class=\"wpb_row row-inner\"><div class=\"wpb_column pos-top pos-center align_left column_parent col-lg-12 half-internal-gutter\"><div class=\"uncol style-dark\"  ><div class=\"uncoltable\"><div class=\"uncell no-block-padding\" ><div class=\"uncont\" ><div class=\"vc_custom_heading_wrap\"><div class=\"heading-text el-text\" ><h6 class=\"fontsize-160000 fontspace-135905 text-accent-color text-uppercase\" ><span>Version en date du 30.06.21<\/span><\/h6><\/div><div class=\"clear\"><\/div><\/div><div class=\"vc_row row-internal row-container\"><div class=\"row row-child\"><div class=\"wpb_row row-inner\"><div class=\"wpb_column pos-top pos-center align_left column_child col-lg-4 half-internal-gutter\"><div class=\"uncol style-dark\" ><div class=\"uncoltable\"><div class=\"uncell no-block-padding\" ><div class=\"uncont\" ><div class=\"vc_custom_heading_wrap\"><div class=\"heading-text el-text\" ><h3 class=\"fontsize-155944\" ><span><h2 class=\"c-section-intro__title\">Politique de Confidentialit\u00e9 et de Protection des donn\u00e9es<\/h2><\/span><\/h3><\/div><div class=\"clear\"><\/div><\/div><div class=\"empty-space empty-single desktop-hidden\" ><span class=\"empty-space-inner\"><\/span><\/div>\n<\/div><\/div><\/div><\/div><\/div><div class=\"wpb_column pos-top pos-center align_left column_child col-lg-2 tablet-hidden mobile-hidden single-internal-gutter\"><div class=\"uncol style-dark\" ><div class=\"uncoltable\"><div class=\"uncell no-block-padding\" ><div class=\"uncont\" ><\/div><\/div><\/div><\/div><\/div><div class=\"wpb_column pos-top pos-center align_left column_child col-lg-6 single-internal-gutter\"><div class=\"uncol style-dark font-762333\" ><div class=\"uncoltable\"><div class=\"uncell no-block-padding\" ><div class=\"uncont\" ><div class=\"uncode_text_column\" ><h3>Collecte de l\u2019information<\/h3>\n<p>Nous recueillons des informations lorsque vous vous inscrivez sur notre site. Les informations recueillies incluent votre nom, pr\u00e9nom, soci\u00e9t\u00e9 et adresse e-mail.<\/p>\n<p>En outre, nous recevons et enregistrons automatiquement des informations \u00e0 partir de votre ordinateur et navigateur, y compris votre adresse IP, vos\u00a0logiciels et votre mat\u00e9riel, et la page que vous demandes.<\/p>\n<h3>Utilisation des informations<\/h3>\n<p>Toute les informations que nous recueillons \u00a0peuvent \u00eatre utilis\u00e9es pour :<\/p>\n<ol>\n<li>Personnaliser votre exp\u00e9rience et r\u00e9pondre \u00e0 vos besoins individuels<\/li>\n<li>Am\u00e9liorer notre site Web<\/li>\n<li>Vous contacter par e-mail<\/li>\n<\/ol>\n<h3>Protection des informations<\/h3>\n<p>Nous mettons en \u0153uvre une vari\u00e9t\u00e9 de mesures de s\u00e9curit\u00e9 pour pr\u00e9server la s\u00e9curit\u00e9 de vos informations personnelles. Nous utilisons un cryptage \u00e0 la pointe de la technologie pour prot\u00e9ger les informations sensibles transmises en ligne. Nous prot\u00e9geons \u00e9galement vos informations hors ligne. Seuls les employ\u00e9s qui ont besoin d\u2019effectuer un travail sp\u00e9cifique ont acc\u00e8s aux informations personnelles identifiables. Les ordinateurs et serveurs utilis\u00e9s pour stocker des informations personnelles identifiables sont conserv\u00e9s dans un environnement s\u00e9curis\u00e9.<\/p>\n<h3>Droit d\u2019acc\u00e8s<\/h3>\n<p>Nous nous engageons \u00e0 reconna\u00eetre un droit d\u2019acc\u00e8s et de rectification aux personnes concern\u00e9es d\u00e9sireuses de consulter, modifier, voire radier les informations les concernant.<\/p>\n<p>L\u2019exercice de ce droit se fait en \u00e9crivant \u00e0 :<\/p>\n<p class=\"c-text-block__title\"><strong>Salaisons d\u2019Anniviers SA<\/strong><br \/>\nRoute des Landoux 35<br \/>\n3961 Vissoie<\/p>\n<div class=\"c-text-block__content\">\n<p>Email-Adresse <a href=\"mailto:info@salaisons-anniviers.ch\">info@salaisons-anniviers.ch<\/a><\/p>\n<\/div>\n<h3>Divulgation \u00e0 des tiers<\/h3>\n<p>Nous ne vendons, n\u2019\u00e9changeons et ne transf\u00e9rons pas vos informations personnelles identifiables \u00e0 des tiers. Cela ne comprend pas les tierces parties de confiance qui nous aident \u00e0 exploiter notre site Web ou \u00e0 mener nos affaires, tant que ces parties conviennent de garder ces informations confidentielles.<\/p>\n<p>Les tierces partie de confiance sont\u00a0:<\/p>\n<ol>\n<li>Google Analytics<\/li>\n<li>Infomaniak<\/li>\n<\/ol>\n<h3>Cookies<\/h3>\n<p>Nos cookies am\u00e9liorent l\u2019acc\u00e8s \u00e0 notre site et identifient les visiteurs r\u00e9guliers. En outre, nos cookies am\u00e9liorent l\u2019exp\u00e9rience d\u2019utilisateur gr\u00e2ce au suivi et au ciblage de ses int\u00e9r\u00eats. Cependant, cette utilisation des cookies n\u2019est en aucune fa\u00e7on li\u00e9e \u00e0 des informations personnelles identifiables sur notre site. <a href=\"https:\/\/new.salaisons-anniviers.ch\/politique-relative-aux-cookies\/\">D\u00e9couvrez notre politique relative aux cookies.<\/a><\/p>\n<p>L\u2019enregistrement des cookies peut \u00eatre d\u00e9sactiv\u00e9 dans les pr\u00e9f\u00e9rences de votre navigateur. A noter que si vous n\u2019autorisez pas le stockage des cookies, certaines fonctionnalit\u00e9s et pages ne se comporteront pas correctement.<\/p>\n<p>Pour supprimer un cookie pr\u00e9sent sur votre ordinateur, suivez les instructions de l\u2019aide en ligne de votre navigateur internet.<\/p>\n<h3>Newsletter<\/h3>\n<p>Nous utilisons l\u2019adresse e-mail que vous fournissez pour vous envoyer des nouvelles de l\u2019entreprise de fa\u00e7on occasionnelle. Si \u00e0 n\u2019importe quel moment vous souhaitez vous d\u00e9sinscrire et ne plus recevoir d\u2019e-mails, des instructions de d\u00e9sabonnement d\u00e9taill\u00e9es sont incluses en bas de chaque e-mail.<\/p>\n<h3>Consentement<\/h3>\n<p>En utilisant notre site, vous consentez \u00e0 notre politique de confidentialit\u00e9.<\/p>\n<\/div><\/div><\/div><\/div><\/div><\/div><\/div><\/div><\/div><\/div><\/div><\/div><\/div><\/div><script id=\"script-row-unique-0\" data-row=\"script-row-unique-0\" type=\"text\/javascript\" class=\"vc_controls\">UNCODE.initRow(document.getElementById(\"row-unique-0\"));<\/script><\/div><\/div><\/div><div data-parent=\"true\" class=\"vc_row row-container\" id=\"row-unique-1\"><div class=\"row limit-width row-parent\"><div class=\"wpb_row row-inner\"><div class=\"wpb_column pos-top pos-center align_left column_parent col-lg-12 single-internal-gutter\"><div class=\"uncol style-dark\"  ><div class=\"uncoltable\"><div class=\"uncell no-block-padding\" ><div class=\"uncont\" ><div class=\"uncode_text_column\" ><\/div><\/div><\/div><\/div><\/div><\/div><script id=\"script-row-unique-1\" data-row=\"script-row-unique-1\" type=\"text\/javascript\" class=\"vc_controls\">UNCODE.initRow(document.getElementById(\"row-unique-1\"));<\/script><\/div><\/div><\/div><!-- \/wp:post-content --><\/div>","protected":false},"excerpt":{"rendered":"Version en date du 30.06.21Politique de Confidentialit\u00e9 et de Protection des donn\u00e9es Collecte de l\u2019information Nous recueillons des informations lorsque [...]","protected":false},"author":1,"featured_media":0,"parent":0,"menu_order":0,"comment_status":"closed","ping_status":"closed","template":"","meta":{"footnotes":""},"class_list":["post-87950","page","type-page","status-publish","hentry"],"yoast_head":"<!-- This site is optimized with the Yoast SEO plugin v27.4 - https:\/\/yoast.com\/product\/yoast-seo-wordpress\/ -->\n<title>Politique de confidentialit\u00e9 - Salaisons Anniviers<\/title>\n<meta name=\"robots\" content=\"index, follow, max-snippet:-1, max-image-preview:large, max-video-preview:-1\" \/>\n<link rel=\"canonical\" href=\"https:\/\/salaisons-anniviers.ch\/de\/politique-de-confidentialite\/\" \/>\n<meta property=\"og:locale\" content=\"de_DE\" \/>\n<meta property=\"og:type\" content=\"article\" \/>\n<meta property=\"og:title\" content=\"Politique de confidentialit\u00e9 - Salaisons Anniviers\" \/>\n<meta property=\"og:url\" content=\"https:\/\/salaisons-anniviers.ch\/de\/politique-de-confidentialite\/\" \/>\n<meta property=\"og:site_name\" content=\"Salaisons Anniviers\" \/>\n<meta property=\"article:modified_time\" content=\"2021-07-26T07:55:35+00:00\" \/>\n<meta name=\"twitter:card\" content=\"summary_large_image\" \/>\n<meta name=\"twitter:label1\" content=\"Gesch\u00e4tzte Lesezeit\" \/>\n\t<meta name=\"twitter:data1\" content=\"3\u00a0Minuten\" \/>\n<script type=\"application\/ld+json\" class=\"yoast-schema-graph\">{\"@context\":\"https:\\\/\\\/schema.org\",\"@graph\":[{\"@type\":\"WebPage\",\"@id\":\"https:\\\/\\\/salaisons-anniviers.ch\\\/politique-de-confidentialite\\\/\",\"url\":\"https:\\\/\\\/salaisons-anniviers.ch\\\/politique-de-confidentialite\\\/\",\"name\":\"Politique de confidentialit\u00e9 - Salaisons Anniviers\",\"isPartOf\":{\"@id\":\"https:\\\/\\\/salaisons-anniviers.ch\\\/#website\"},\"datePublished\":\"2021-07-05T11:38:13+00:00\",\"dateModified\":\"2021-07-26T07:55:35+00:00\",\"breadcrumb\":{\"@id\":\"https:\\\/\\\/salaisons-anniviers.ch\\\/politique-de-confidentialite\\\/#breadcrumb\"},\"inLanguage\":\"de-CH\",\"potentialAction\":[{\"@type\":\"ReadAction\",\"target\":[\"https:\\\/\\\/salaisons-anniviers.ch\\\/politique-de-confidentialite\\\/\"]}]},{\"@type\":\"BreadcrumbList\",\"@id\":\"https:\\\/\\\/salaisons-anniviers.ch\\\/politique-de-confidentialite\\\/#breadcrumb\",\"itemListElement\":[{\"@type\":\"ListItem\",\"position\":1,\"name\":\"Accueil\",\"item\":\"https:\\\/\\\/salaisons-anniviers.ch\\\/\"},{\"@type\":\"ListItem\",\"position\":2,\"name\":\"Politique de confidentialit\u00e9\"}]},{\"@type\":\"WebSite\",\"@id\":\"https:\\\/\\\/salaisons-anniviers.ch\\\/#website\",\"url\":\"https:\\\/\\\/salaisons-anniviers.ch\\\/\",\"name\":\"Salaisons Anniviers\",\"description\":\"Sp\u00e9cialit\u00e9s valaisannes\",\"publisher\":{\"@id\":\"https:\\\/\\\/salaisons-anniviers.ch\\\/#organization\"},\"potentialAction\":[{\"@type\":\"SearchAction\",\"target\":{\"@type\":\"EntryPoint\",\"urlTemplate\":\"https:\\\/\\\/salaisons-anniviers.ch\\\/?s={search_term_string}\"},\"query-input\":{\"@type\":\"PropertyValueSpecification\",\"valueRequired\":true,\"valueName\":\"search_term_string\"}}],\"inLanguage\":\"de-CH\"},{\"@type\":\"Organization\",\"@id\":\"https:\\\/\\\/salaisons-anniviers.ch\\\/#organization\",\"name\":\"Salaisons Anniviers\",\"url\":\"https:\\\/\\\/salaisons-anniviers.ch\\\/\",\"logo\":{\"@type\":\"ImageObject\",\"inLanguage\":\"de-CH\",\"@id\":\"https:\\\/\\\/salaisons-anniviers.ch\\\/#\\\/schema\\\/logo\\\/image\\\/\",\"url\":\"https:\\\/\\\/salaisons-anniviers.ch\\\/wp-content\\\/uploads\\\/2025\\\/10\\\/cropped-logo-salaisons-d-annivers-transp2.png\",\"contentUrl\":\"https:\\\/\\\/salaisons-anniviers.ch\\\/wp-content\\\/uploads\\\/2025\\\/10\\\/cropped-logo-salaisons-d-annivers-transp2.png\",\"width\":200,\"height\":202,\"caption\":\"Salaisons Anniviers\"},\"image\":{\"@id\":\"https:\\\/\\\/salaisons-anniviers.ch\\\/#\\\/schema\\\/logo\\\/image\\\/\"}}]}<\/script>\n<!-- \/ Yoast SEO plugin. -->","yoast_head_json":{"title":"Politique de confidentialit\u00e9 - Salaisons Anniviers","robots":{"index":"index","follow":"follow","max-snippet":"max-snippet:-1","max-image-preview":"max-image-preview:large","max-video-preview":"max-video-preview:-1"},"canonical":"https:\/\/salaisons-anniviers.ch\/de\/politique-de-confidentialite\/","og_locale":"de_DE","og_type":"article","og_title":"Politique de confidentialit\u00e9 - Salaisons Anniviers","og_url":"https:\/\/salaisons-anniviers.ch\/de\/politique-de-confidentialite\/","og_site_name":"Salaisons Anniviers","article_modified_time":"2021-07-26T07:55:35+00:00","twitter_card":"summary_large_image","twitter_misc":{"Gesch\u00e4tzte Lesezeit":"3\u00a0Minuten"},"schema":{"@context":"https:\/\/schema.org","@graph":[{"@type":"WebPage","@id":"https:\/\/salaisons-anniviers.ch\/politique-de-confidentialite\/","url":"https:\/\/salaisons-anniviers.ch\/politique-de-confidentialite\/","name":"Politique de confidentialit\u00e9 - Salaisons Anniviers","isPartOf":{"@id":"https:\/\/salaisons-anniviers.ch\/#website"},"datePublished":"2021-07-05T11:38:13+00:00","dateModified":"2021-07-26T07:55:35+00:00","breadcrumb":{"@id":"https:\/\/salaisons-anniviers.ch\/politique-de-confidentialite\/#breadcrumb"},"inLanguage":"de-CH","potentialAction":[{"@type":"ReadAction","target":["https:\/\/salaisons-anniviers.ch\/politique-de-confidentialite\/"]}]},{"@type":"BreadcrumbList","@id":"https:\/\/salaisons-anniviers.ch\/politique-de-confidentialite\/#breadcrumb","itemListElement":[{"@type":"ListItem","position":1,"name":"Accueil","item":"https:\/\/salaisons-anniviers.ch\/"},{"@type":"ListItem","position":2,"name":"Politique de confidentialit\u00e9"}]},{"@type":"WebSite","@id":"https:\/\/salaisons-anniviers.ch\/#website","url":"https:\/\/salaisons-anniviers.ch\/","name":"Salaisons Anniviers","description":"Sp\u00e9cialit\u00e9s valaisannes","publisher":{"@id":"https:\/\/salaisons-anniviers.ch\/#organization"},"potentialAction":[{"@type":"SearchAction","target":{"@type":"EntryPoint","urlTemplate":"https:\/\/salaisons-anniviers.ch\/?s={search_term_string}"},"query-input":{"@type":"PropertyValueSpecification","valueRequired":true,"valueName":"search_term_string"}}],"inLanguage":"de-CH"},{"@type":"Organization","@id":"https:\/\/salaisons-anniviers.ch\/#organization","name":"Salaisons Anniviers","url":"https:\/\/salaisons-anniviers.ch\/","logo":{"@type":"ImageObject","inLanguage":"de-CH","@id":"https:\/\/salaisons-anniviers.ch\/#\/schema\/logo\/image\/","url":"https:\/\/salaisons-anniviers.ch\/wp-content\/uploads\/2025\/10\/cropped-logo-salaisons-d-annivers-transp2.png","contentUrl":"https:\/\/salaisons-anniviers.ch\/wp-content\/uploads\/2025\/10\/cropped-logo-salaisons-d-annivers-transp2.png","width":200,"height":202,"caption":"Salaisons Anniviers"},"image":{"@id":"https:\/\/salaisons-anniviers.ch\/#\/schema\/logo\/image\/"}}]}},"_links":{"self":[{"href":"https:\/\/salaisons-anniviers.ch\/de\/wp-json\/wp\/v2\/pages\/87950","targetHints":{"allow":["GET"]}}],"collection":[{"href":"https:\/\/salaisons-anniviers.ch\/de\/wp-json\/wp\/v2\/pages"}],"about":[{"href":"https:\/\/salaisons-anniviers.ch\/de\/wp-json\/wp\/v2\/types\/page"}],"author":[{"embeddable":true,"href":"https:\/\/salaisons-anniviers.ch\/de\/wp-json\/wp\/v2\/users\/1"}],"replies":[{"embeddable":true,"href":"https:\/\/salaisons-anniviers.ch\/de\/wp-json\/wp\/v2\/comments?post=87950"}],"version-history":[{"count":4,"href":"https:\/\/salaisons-anniviers.ch\/de\/wp-json\/wp\/v2\/pages\/87950\/revisions"}],"predecessor-version":[{"id":88237,"href":"https:\/\/salaisons-anniviers.ch\/de\/wp-json\/wp\/v2\/pages\/87950\/revisions\/88237"}],"wp:attachment":[{"href":"https:\/\/salaisons-anniviers.ch\/de\/wp-json\/wp\/v2\/media?parent=87950"}],"curies":[{"name":"wp","href":"https:\/\/api.w.org\/{rel}","templated":true}]}}