{"id":3982,"date":"2021-06-01T18:23:27","date_gmt":"2021-06-01T16:23:27","guid":{"rendered":"https:\/\/undsgn.com\/uncode\/?page_id=3982"},"modified":"2022-05-12T10:46:16","modified_gmt":"2022-05-12T08:46:16","slug":"contact","status":"publish","type":"page","link":"https:\/\/salaisons-anniviers.ch\/de\/contact\/","title":{"rendered":"Kontakt"},"content":{"rendered":"<div class=\"wpb-content-wrapper\"><div data-parent=\"true\" class=\"vc_row row-container\" id=\"row-unique-0\"><div class=\"row unequal col-no-gutter no-top-padding no-bottom-padding no-h-padding full-width row-parent\"><div class=\"wpb_row row-inner\"><div class=\"wpb_column pos-top pos-center align_left column_parent col-lg-4 single-internal-gutter\"><div class=\"uncol style-dark\"  ><div class=\"uncoltable\"><div class=\"uncell quad-block-padding\" ><div class=\"uncont\" ><div class=\"vc_custom_heading_wrap\"><div class=\"heading-text el-text\" ><h3 class=\"h3 font-weight-700 text-uppercase\" ><span>Informationen<\/span><\/h3><\/div><div class=\"clear\"><\/div><\/div><div class=\"divider-wrapper\"  >\n    <hr class=\"unseparator border-,Default-color separator-no-padding\"  \/>\n<\/div>\n<div class=\"uncode_text_column\" ><p>Rte des Landoux 35<br \/>\n3961 Vissoie &#8211; Val d&rsquo;Anniviers<\/p>\n<p>Telefon : 027 475 21 21<br \/>\nEmail-Adresse <a href=\"mailto:info@salaisons-anniviers.ch\">info(@)salaisons-anniviers.ch<\/a><\/p>\n<p>Offnungszeiten des Gesch\u00e4ftes<br \/>\nMontag - Freitag von 7h30 - 12h00 \/ 13h30 - 18h00<br \/>\nSamstag : 8h00 \u2013 12h00<\/p>\n<\/div><\/div><\/div><\/div><\/div><\/div><div class=\"wpb_column pos-top pos-left align_left column_parent col-lg-8 single-internal-gutter\"><div class=\"uncol style-dark\"  ><div class=\"uncoltable\"><div class=\"uncell quad-block-padding\" ><div class=\"uncont\" ><div class=\"vc_custom_heading_wrap\"><div class=\"heading-text el-text\" ><h3 class=\"h3 font-weight-700 text-uppercase\" ><span>Kontaktieren Sie uns<\/span><\/h3><\/div><div class=\"clear\"><\/div><\/div><div class=\"divider-wrapper\"  >\n    <hr class=\"unseparator border-,Default-color separator-no-padding\"  \/>\n<\/div>\n\n<div class=\"wpcf7 no-js\" id=\"wpcf7-f22102-o1\" lang=\"en-US\" dir=\"ltr\" data-wpcf7-id=\"22102\">\n<div class=\"screen-reader-response\"><p role=\"status\" aria-live=\"polite\" aria-atomic=\"true\"><\/p> <ul><\/ul><\/div>\n<form action=\"\/de\/wp-json\/wp\/v2\/pages\/3982#wpcf7-f22102-o1\" method=\"post\" class=\"wpcf7-form init no-labels-default form-no-labels\" aria-label=\"Contact form\" novalidate=\"novalidate\" data-status=\"init\" data-trp-original-action=\"\/de\/wp-json\/wp\/v2\/pages\/3982#wpcf7-f22102-o1\">\n<fieldset class=\"hidden-fields-container\"><input type=\"hidden\" name=\"_wpcf7\" value=\"22102\" \/><input type=\"hidden\" name=\"_wpcf7_version\" value=\"6.1.5\" \/><input type=\"hidden\" name=\"_wpcf7_locale\" value=\"en_US\" \/><input type=\"hidden\" name=\"_wpcf7_unit_tag\" value=\"wpcf7-f22102-o1\" \/><input type=\"hidden\" name=\"_wpcf7_container_post\" value=\"0\" \/><input type=\"hidden\" name=\"_wpcf7_posted_data_hash\" value=\"\" \/>\n<\/fieldset>\n<div class=\"wpcf7-inline-wrapper\">\n\t<p class=\"wpcf7-inline-field\"><span class=\"wpcf7-form-control-wrap\" data-name=\"Nom\"><input size=\"40\" maxlength=\"400\" class=\"wpcf7-form-control wpcf7-text wpcf7-validates-as-required\" aria-required=\"true\" aria-invalid=\"false\" placeholder=\"Ihr Name\" value=\"\" type=\"text\" name=\"Nom\" \/><\/span>\n\t<\/p>\n\t<p class=\"wpcf7-inline-field\"><span class=\"wpcf7-form-control-wrap\" data-name=\"your-firstname\"><input size=\"40\" maxlength=\"400\" class=\"wpcf7-form-control wpcf7-text wpcf7-validates-as-required\" aria-required=\"true\" aria-invalid=\"false\" placeholder=\"Ihr Vorname\" value=\"\" type=\"text\" name=\"your-firstname\" \/><\/span>\n\t<\/p>\n<\/div>\n<div class=\"wpcf7-inline-wrapper\">\n\t<p class=\"wpcf7-inline-field\"><span class=\"wpcf7-form-control-wrap\" data-name=\"your-email\"><input size=\"40\" maxlength=\"400\" class=\"wpcf7-form-control wpcf7-email wpcf7-validates-as-required wpcf7-text wpcf7-validates-as-email\" aria-required=\"true\" aria-invalid=\"false\" placeholder=\"Ihre Email-adresse\" value=\"\" type=\"email\" name=\"your-email\" \/><\/span>\n\t<\/p>\n\t<p class=\"wpcf7-inline-field\"><span class=\"wpcf7-form-control-wrap\" data-name=\"tel-161\"><input size=\"40\" maxlength=\"400\" class=\"wpcf7-form-control wpcf7-tel wpcf7-validates-as-required wpcf7-text wpcf7-validates-as-tel\" aria-required=\"true\" aria-invalid=\"false\" placeholder=\"Ihre Telefonnummer\" value=\"\" type=\"tel\" name=\"tel-161\" \/><\/span>\n\t<\/p>\n<\/div>\n<p><span class=\"wpcf7-form-control-wrap\" data-name=\"your-message\"><textarea cols=\"40\" rows=\"5\" maxlength=\"2000\" class=\"wpcf7-form-control wpcf7-textarea\" aria-invalid=\"false\" placeholder=\"Ihre Nachricht\" name=\"your-message\"><\/textarea><\/span>\n<\/p>\n<div id=\"cf7sr-69ff440566dc2\" class=\"cf7sr-g-recaptcha\" data-theme=\"light\" data-type=\"image\" data-size=\"normal\" data-sitekey=\"6LewIo8fAAAAAP8aQZLeT4YVcWlDgh0kfe5Ob_5F\"><\/div><span class=\"wpcf7-form-control-wrap cf7sr-recaptcha\" data-name=\"cf7sr-recaptcha\"><input type=\"hidden\" name=\"cf7sr-recaptcha\" value=\"\" class=\"wpcf7-form-control\"><\/span>\n<\/p>\n<p><input class=\"wpcf7-form-control wpcf7-submit has-spinner btn btn-accent btn-circle\" type=\"submit\" value=\"Senden\" \/>\n<\/p><div class=\"wpcf7-response-output\" aria-hidden=\"true\"><\/div>\n<input type=\"hidden\" name=\"trp-form-language\" value=\"de\"\/><\/form>\n<\/div>\n<\/div><\/div><\/div><\/div><\/div><script id=\"script-row-unique-0\" data-row=\"script-row-unique-0\" type=\"text\/javascript\" class=\"vc_controls\">UNCODE.initRow(document.getElementById(\"row-unique-0\"));<\/script><\/div><\/div><\/div><div data-parent=\"true\" class=\"vc_row row-container\" id=\"row-unique-1\"><div class=\"row quad-top-padding quad-bottom-padding single-h-padding limit-width row-parent\" data-height-ratio=\"50\"><div class=\"wpb_row row-inner\"><div class=\"wpb_column pos-top pos-left align_center column_parent col-lg-12 half-internal-gutter\"><div class=\"uncol style-dark unexpand\"  ><div class=\"uncoltable\"><div class=\"uncell no-block-padding\" ><div class=\"uncont\" ><div class=\"uncode_text_column\" ><p>Rte des Landoux 35,\u00a03961 Vissoie &#8211; Val d&rsquo;Anniviers<\/p>\n<\/div><\/div><\/div><\/div><\/div><\/div><script id=\"script-row-unique-1\" data-row=\"script-row-unique-1\" type=\"text\/javascript\" class=\"vc_controls\">UNCODE.initRow(document.getElementById(\"row-unique-1\"));<\/script><\/div><\/div><\/div>\n<\/div>","protected":false},"excerpt":{"rendered":"Informations Rte des Landoux 35 3961 Vissoie &#8211; Val d&rsquo;Anniviers T\u00e9l\u00e9phone : 027 475 21 21 Adresse e-mail : info(@)salaisons-anniviers.ch [...]","protected":false},"author":1,"featured_media":0,"parent":0,"menu_order":0,"comment_status":"closed","ping_status":"closed","template":"","meta":{"footnotes":""},"class_list":["post-3982","page","type-page","status-publish","hentry"],"yoast_head":"<!-- This site is optimized with the Yoast SEO plugin v27.5 - https:\/\/yoast.com\/product\/yoast-seo-wordpress\/ -->\n<title>Contact - Salaisons Anniviers - Vente en ligne de produits du terroirs<\/title>\n<meta name=\"description\" content=\"Achetez vos salaisons en ligne. Fabriqu\u00e9s artisanalement en Valais : viande s\u00e9ch\u00e9e, lard, jambon cru, Sauci&#039;seigle\" \/>\n<meta name=\"robots\" content=\"index, follow, max-snippet:-1, max-image-preview:large, max-video-preview:-1\" \/>\n<link rel=\"canonical\" href=\"https:\/\/salaisons-anniviers.ch\/de\/contact\/\" \/>\n<meta property=\"og:locale\" content=\"de_DE\" \/>\n<meta property=\"og:type\" content=\"article\" \/>\n<meta property=\"og:title\" content=\"Contact - Salaisons Anniviers - Vente en ligne de produits du terroirs\" \/>\n<meta property=\"og:description\" content=\"Achetez vos salaisons en ligne. Fabriqu\u00e9s artisanalement en Valais : viande s\u00e9ch\u00e9e, lard, jambon cru, Sauci&#039;seigle\" \/>\n<meta property=\"og:url\" content=\"https:\/\/salaisons-anniviers.ch\/de\/contact\/\" \/>\n<meta property=\"og:site_name\" content=\"Salaisons Anniviers\" \/>\n<meta property=\"article:modified_time\" content=\"2022-05-12T08:46:16+00:00\" \/>\n<meta name=\"twitter:card\" content=\"summary_large_image\" \/>\n<meta name=\"twitter:label1\" content=\"Gesch\u00e4tzte Lesezeit\" \/>\n\t<meta name=\"twitter:data1\" content=\"1\u00a0Minute\" \/>\n<script type=\"application\/ld+json\" class=\"yoast-schema-graph\">{\"@context\":\"https:\\\/\\\/schema.org\",\"@graph\":[{\"@type\":\"WebPage\",\"@id\":\"https:\\\/\\\/salaisons-anniviers.ch\\\/contact\\\/\",\"url\":\"https:\\\/\\\/salaisons-anniviers.ch\\\/contact\\\/\",\"name\":\"Contact - Salaisons Anniviers - Vente en ligne de produits du terroirs\",\"isPartOf\":{\"@id\":\"https:\\\/\\\/salaisons-anniviers.ch\\\/#website\"},\"datePublished\":\"2021-06-01T16:23:27+00:00\",\"dateModified\":\"2022-05-12T08:46:16+00:00\",\"description\":\"Achetez vos salaisons en ligne. Fabriqu\u00e9s artisanalement en Valais : viande s\u00e9ch\u00e9e, lard, jambon cru, Sauci'seigle\",\"breadcrumb\":{\"@id\":\"https:\\\/\\\/salaisons-anniviers.ch\\\/contact\\\/#breadcrumb\"},\"inLanguage\":\"de-CH\",\"potentialAction\":[{\"@type\":\"ReadAction\",\"target\":[\"https:\\\/\\\/salaisons-anniviers.ch\\\/contact\\\/\"]}]},{\"@type\":\"BreadcrumbList\",\"@id\":\"https:\\\/\\\/salaisons-anniviers.ch\\\/contact\\\/#breadcrumb\",\"itemListElement\":[{\"@type\":\"ListItem\",\"position\":1,\"name\":\"Accueil\",\"item\":\"https:\\\/\\\/salaisons-anniviers.ch\\\/\"},{\"@type\":\"ListItem\",\"position\":2,\"name\":\"Contact\"}]},{\"@type\":\"WebSite\",\"@id\":\"https:\\\/\\\/salaisons-anniviers.ch\\\/#website\",\"url\":\"https:\\\/\\\/salaisons-anniviers.ch\\\/\",\"name\":\"Salaisons Anniviers\",\"description\":\"Sp\u00e9cialit\u00e9s valaisannes\",\"publisher\":{\"@id\":\"https:\\\/\\\/salaisons-anniviers.ch\\\/#organization\"},\"potentialAction\":[{\"@type\":\"SearchAction\",\"target\":{\"@type\":\"EntryPoint\",\"urlTemplate\":\"https:\\\/\\\/salaisons-anniviers.ch\\\/?s={search_term_string}\"},\"query-input\":{\"@type\":\"PropertyValueSpecification\",\"valueRequired\":true,\"valueName\":\"search_term_string\"}}],\"inLanguage\":\"de-CH\"},{\"@type\":\"Organization\",\"@id\":\"https:\\\/\\\/salaisons-anniviers.ch\\\/#organization\",\"name\":\"Salaisons Anniviers\",\"url\":\"https:\\\/\\\/salaisons-anniviers.ch\\\/\",\"logo\":{\"@type\":\"ImageObject\",\"inLanguage\":\"de-CH\",\"@id\":\"https:\\\/\\\/salaisons-anniviers.ch\\\/#\\\/schema\\\/logo\\\/image\\\/\",\"url\":\"https:\\\/\\\/salaisons-anniviers.ch\\\/wp-content\\\/uploads\\\/2025\\\/10\\\/cropped-logo-salaisons-d-annivers-transp2.png\",\"contentUrl\":\"https:\\\/\\\/salaisons-anniviers.ch\\\/wp-content\\\/uploads\\\/2025\\\/10\\\/cropped-logo-salaisons-d-annivers-transp2.png\",\"width\":200,\"height\":202,\"caption\":\"Salaisons Anniviers\"},\"image\":{\"@id\":\"https:\\\/\\\/salaisons-anniviers.ch\\\/#\\\/schema\\\/logo\\\/image\\\/\"}}]}<\/script>\n<!-- \/ Yoast SEO plugin. -->","yoast_head_json":{"title":"Contact - Salaisons Anniviers - Vente en ligne de produits du terroirs","description":"Achetez vos salaisons en ligne. Fabriqu\u00e9s artisanalement en Valais : viande s\u00e9ch\u00e9e, lard, jambon cru, Sauci'seigle","robots":{"index":"index","follow":"follow","max-snippet":"max-snippet:-1","max-image-preview":"max-image-preview:large","max-video-preview":"max-video-preview:-1"},"canonical":"https:\/\/salaisons-anniviers.ch\/de\/contact\/","og_locale":"de_DE","og_type":"article","og_title":"Contact - Salaisons Anniviers - Vente en ligne de produits du terroirs","og_description":"Achetez vos salaisons en ligne. Fabriqu\u00e9s artisanalement en Valais : viande s\u00e9ch\u00e9e, lard, jambon cru, Sauci'seigle","og_url":"https:\/\/salaisons-anniviers.ch\/de\/contact\/","og_site_name":"Salaisons Anniviers","article_modified_time":"2022-05-12T08:46:16+00:00","twitter_card":"summary_large_image","twitter_misc":{"Gesch\u00e4tzte Lesezeit":"1\u00a0Minute"},"schema":{"@context":"https:\/\/schema.org","@graph":[{"@type":"WebPage","@id":"https:\/\/salaisons-anniviers.ch\/contact\/","url":"https:\/\/salaisons-anniviers.ch\/contact\/","name":"Contact - Salaisons Anniviers - Vente en ligne de produits du terroirs","isPartOf":{"@id":"https:\/\/salaisons-anniviers.ch\/#website"},"datePublished":"2021-06-01T16:23:27+00:00","dateModified":"2022-05-12T08:46:16+00:00","description":"Achetez vos salaisons en ligne. Fabriqu\u00e9s artisanalement en Valais : viande s\u00e9ch\u00e9e, lard, jambon cru, Sauci'seigle","breadcrumb":{"@id":"https:\/\/salaisons-anniviers.ch\/contact\/#breadcrumb"},"inLanguage":"de-CH","potentialAction":[{"@type":"ReadAction","target":["https:\/\/salaisons-anniviers.ch\/contact\/"]}]},{"@type":"BreadcrumbList","@id":"https:\/\/salaisons-anniviers.ch\/contact\/#breadcrumb","itemListElement":[{"@type":"ListItem","position":1,"name":"Accueil","item":"https:\/\/salaisons-anniviers.ch\/"},{"@type":"ListItem","position":2,"name":"Contact"}]},{"@type":"WebSite","@id":"https:\/\/salaisons-anniviers.ch\/#website","url":"https:\/\/salaisons-anniviers.ch\/","name":"Salaisons Anniviers","description":"Sp\u00e9cialit\u00e9s valaisannes","publisher":{"@id":"https:\/\/salaisons-anniviers.ch\/#organization"},"potentialAction":[{"@type":"SearchAction","target":{"@type":"EntryPoint","urlTemplate":"https:\/\/salaisons-anniviers.ch\/?s={search_term_string}"},"query-input":{"@type":"PropertyValueSpecification","valueRequired":true,"valueName":"search_term_string"}}],"inLanguage":"de-CH"},{"@type":"Organization","@id":"https:\/\/salaisons-anniviers.ch\/#organization","name":"Salaisons Anniviers","url":"https:\/\/salaisons-anniviers.ch\/","logo":{"@type":"ImageObject","inLanguage":"de-CH","@id":"https:\/\/salaisons-anniviers.ch\/#\/schema\/logo\/image\/","url":"https:\/\/salaisons-anniviers.ch\/wp-content\/uploads\/2025\/10\/cropped-logo-salaisons-d-annivers-transp2.png","contentUrl":"https:\/\/salaisons-anniviers.ch\/wp-content\/uploads\/2025\/10\/cropped-logo-salaisons-d-annivers-transp2.png","width":200,"height":202,"caption":"Salaisons Anniviers"},"image":{"@id":"https:\/\/salaisons-anniviers.ch\/#\/schema\/logo\/image\/"}}]}},"_links":{"self":[{"href":"https:\/\/salaisons-anniviers.ch\/de\/wp-json\/wp\/v2\/pages\/3982","targetHints":{"allow":["GET"]}}],"collection":[{"href":"https:\/\/salaisons-anniviers.ch\/de\/wp-json\/wp\/v2\/pages"}],"about":[{"href":"https:\/\/salaisons-anniviers.ch\/de\/wp-json\/wp\/v2\/types\/page"}],"author":[{"embeddable":true,"href":"https:\/\/salaisons-anniviers.ch\/de\/wp-json\/wp\/v2\/users\/1"}],"replies":[{"embeddable":true,"href":"https:\/\/salaisons-anniviers.ch\/de\/wp-json\/wp\/v2\/comments?post=3982"}],"version-history":[{"count":8,"href":"https:\/\/salaisons-anniviers.ch\/de\/wp-json\/wp\/v2\/pages\/3982\/revisions"}],"predecessor-version":[{"id":103863,"href":"https:\/\/salaisons-anniviers.ch\/de\/wp-json\/wp\/v2\/pages\/3982\/revisions\/103863"}],"wp:attachment":[{"href":"https:\/\/salaisons-anniviers.ch\/de\/wp-json\/wp\/v2\/media?parent=3982"}],"curies":[{"name":"wp","href":"https:\/\/api.w.org\/{rel}","templated":true}]}}