{"id":3,"date":"2021-06-23T08:03:44","date_gmt":"2021-06-23T08:03:44","guid":{"rendered":"https:\/\/new.salaisons-anniviers.ch\/?page_id=3"},"modified":"2024-01-08T11:50:54","modified_gmt":"2024-01-08T10:50:54","slug":"conditions-generales-de-vente","status":"publish","type":"page","link":"https:\/\/salaisons-anniviers.ch\/de\/conditions-generales-de-vente\/","title":{"rendered":"Conditions g\u00e9n\u00e9rales de vente"},"content":{"rendered":"<div class=\"wpb-content-wrapper\"><div data-parent=\"true\" class=\"vc_row row-container\" id=\"row-unique-0\"><div class=\"row col-double-gutter quad-top-padding quad-bottom-padding single-h-padding limit-width row-parent\"><div class=\"wpb_row row-inner\"><div class=\"wpb_column pos-top pos-center align_left column_parent col-lg-12 half-internal-gutter\"><div class=\"uncol style-dark\"  ><div class=\"uncoltable\"><div class=\"uncell no-block-padding\" ><div class=\"uncont\" ><div class=\"vc_custom_heading_wrap\"><div class=\"heading-text el-text\" ><h6 class=\"fontsize-160000 fontspace-135905 text-accent-color text-uppercase\" ><span>Version en date du 30.06.21<\/span><\/h6><\/div><div class=\"clear\"><\/div><\/div><div class=\"vc_row row-internal row-container\"><div class=\"row row-child\"><div class=\"wpb_row row-inner\"><div class=\"wpb_column pos-top pos-center align_left column_child col-lg-4 half-internal-gutter\"><div class=\"uncol style-dark\" ><div class=\"uncoltable\"><div class=\"uncell no-block-padding\" ><div class=\"uncont\" ><div class=\"vc_custom_heading_wrap\"><div class=\"heading-text el-text\" ><h3 class=\"fontsize-155944\" ><span><\/p><\/span><span><h2 class=\"c-section-intro__title\">Conditions g\u00e9n\u00e9rales de vente<\/h2><\/span><span><p><\/span><\/h3><\/div><div class=\"clear\"><\/div><\/div><div class=\"empty-space empty-single desktop-hidden\" ><span class=\"empty-space-inner\"><\/span><\/div>\n<\/div><\/div><\/div><\/div><\/div><div class=\"wpb_column pos-top pos-center align_left column_child col-lg-2 tablet-hidden mobile-hidden single-internal-gutter\"><div class=\"uncol style-dark\" ><div class=\"uncoltable\"><div class=\"uncell no-block-padding\" ><div class=\"uncont\" ><\/div><\/div><\/div><\/div><\/div><div class=\"wpb_column pos-top pos-center align_left column_child col-lg-6 single-internal-gutter\"><div class=\"uncol style-dark font-762333\" ><div class=\"uncoltable\"><div class=\"uncell no-block-padding\" ><div class=\"uncont\" ><div class=\"uncode_text_column\" ><p>Salaisons d&rsquo;Anniviers SA garantit la livraison de produits de qualit\u00e9. Votre satisfaction est notre premi\u00e8re priorit\u00e9 et nous voulons vous apporter un service irr\u00e9prochable.<\/p>\n<p>Si le client n\u2019est pas satisfait des produits livr\u00e9s, il peut contacter notre service par t\u00e9l\u00e9phone au 027 475 21 21\u00a0ou par e-mail \u00e0 <a href=\"mailto:info@salaisons-anniviers.ch\">info@salaisons-anniviers.ch<\/a>.<\/p>\n<p>Afin de b\u00e9n\u00e9ficier de notre garantie \u00ab satisfait ou rembours\u00e9 \u00bb, toute r\u00e9clamation doit nous parvenir d\u00e8s r\u00e9ception de la marchandise, c\u2019est-\u00e0-dire le jour m\u00eame de la livraison. Les d\u00e9fauts cach\u00e9s sont \u00e0 signaler au Service Salaisons d&rsquo;Anniviers SA d\u00e8s leur d\u00e9tection. Le montant correspondant \u00e0 la marchandise d\u00e9fectueuse sera remplac\u00e9 par un\/des produit\/s \u00e9gal\/aux pour m\u00eames valeurs.<\/p>\n<div>Salaisons d&rsquo;Anniviers SA se r\u00e9serve le droit d\u2019exiger des preuves du d\u00e9faut aupr\u00e8s du client avant de remplacer les produits concern\u00e9s.<\/div>\n<div><\/div>\n<div>La garantie \u00ab satisfait ou remplac\u00e9 \u00bb porte sur des d\u00e9fauts li\u00e9s aux aspects suivants : fra\u00eecheur, qualit\u00e9 et organoleptique, non-respect de la date limite de consommation, casse lors du transport, livraisons incompl\u00e8tes, d\u00e9faut de fabrication ou de conditionnement.<\/div>\n<div><\/div>\n<p><span class=\"font-size-28 lh-1\">Produits<\/span><\/p>\n<div>Salaisons d&rsquo;Anniviers SA veille \u00e0 ce que les informations donn\u00e9es sur les produits (par ex. nutrition, dimensions, poids) soient correctes.<\/div>\n<div><\/div>\n<div>Comme pour tout produit alimentaire, le consommateur est cependant pri\u00e9 de v\u00e9rifier de possibles contre-indications avant absorption (par ex. en cas de diab\u00e8te, allerg\u00e8nes\u2026etc) sur le paquet du produit.<\/div>\n<div>Lors de commande de panier, Salaisons d&rsquo;Anniviers SA se r\u00e9serve le droit de remplacer un produit d&rsquo;une valeur \u00e9quivalente en cas de rupture de stock. La photo est une illustration.<\/div>\n<p><span class=\"font-size-28 lh-1\">Prix<\/span><\/p>\n<div>Le montant minimum d&rsquo;achats pour b\u00e9n\u00e9ficier de frais de port offerts est de CHF 125.- par commande*. Pour les commandes de viande fra\u00eeche, le port est r\u00e9duit \u00e0 7.- d\u00e8s 125.- de commande.<\/div>\n<div>Tous les prix affich\u00e9s sont TVA incluse.<\/div>\n<div><\/div>\n<div>Frais de livraison pour toutes commandes inf\u00e9rieures \u00e0 Fr. 124.95 sont de:<\/div>\n<div>\n<ul class=\"innerList defaultList\">\n<li>\u00a0Fr. 15.00 pour un envoi normal<\/li>\n<\/ul>\n<\/div>\n<p>Salaisons d&rsquo;Anniviers SA se r\u00e9serve le droit de limiter les quantit\u00e9s d\u2019achat de certains produits et de ne pas effectuer la livraison en cas de commande exceptionnellement lourde ou volumineuse.<\/p>\n<div>Si un produit n&rsquo;est pas disponible au moment de l&rsquo;envoi, il ne sera pas factur\u00e9 ni envoy\u00e9 ult\u00e9rieurement.<\/div>\n<div><\/div>\n<p><span style=\"color: #da1919;\">Contrat de vente\u00a0Salaisons d&rsquo;Anniviers SA<\/span><\/p>\n<div>Le contrat entre en vigueur quand le client a pass\u00e9 sa commande et quand cette commande a \u00e9t\u00e9 accept\u00e9e par voie \u00e9lectronique par Salaisons d&rsquo;Anniviers SA. Le client ne peut compl\u00e9ter ou annuler une commande valid\u00e9e. La commande peut \u00eatre annul\u00e9e par le client par mail \u00e0 <a href=\"mailto:info@salaisons-anniviers.ch\">info@salaisons-anniviers.ch<\/a>\u00a0par t\u00e9l\u00e9phone au 027 475 21 21.<\/div>\n<p><span style=\"color: #da1919;\">M\u00e9thodes de paiement<\/span><\/p>\n<div>Le client a le choix entre le paiement par carte de cr\u00e9dit, Twint, Postfinance Card ou Postfinance.<\/div>\n<p><span style=\"color: #da1919;\">R\u00e9serve de propri\u00e9t\u00e9<\/span><\/p>\n<div>Les produits demeurent la propri\u00e9t\u00e9 de Salaisons d&rsquo;Anniviers SA jusqu&rsquo;au paiement complet de leur prix d&rsquo;achat et jusqu&rsquo;\u00e0 la r\u00e9gularisation de tous les droits y aff\u00e9rent\u00a0dont dispose Salaisons d&rsquo;Anniviers SA.<\/div>\n<p><span style=\"color: #da1919;\">Lieferung<\/span><\/p>\n<div>\n<p>Les articles command\u00e9s sont livr\u00e9s \u00e0 l&rsquo;adresse de livraison indiqu\u00e9e par le client en Suisse exclusivement, selon les normes IFS.<\/p>\n<\/div>\n<div>Les commandes sont livr\u00e9es par le prestataire choisi par Les Salaisons d&rsquo;Anniviers SA.<\/div>\n<div><\/div>\n<div>Les d\u00e9lais de livraison sont de 5 jours ouvrables a dat\u00e9 de la r\u00e9ception de paiement de la commande. Les commandes sont exp\u00e9di\u00e9es du lundi au jeudi pour une r\u00e9ception le lendemain matin. Les commandes re\u00e7ue d\u00e8s jeudi midi sont exp\u00e9di\u00e9es le lundi afin qu&rsquo;elles ne restent pas trop longtemps \u00e0 la Poste.<\/div>\n<p><span style=\"color: #da1919;\">Protection des donn\u00e9es<\/span><\/p>\n<div>En s\u2019inscrivant sur le site Salaisons d&rsquo;Anniviers SA. le client choisit s\u2019il souhaite recevoir des informations de nature publicitaire ou autre de la part de Salaisons d&rsquo;Anniviers SA, via diff\u00e9rents canaux de communication (e-mail, courrier, SMS, t\u00e9l\u00e9phone, notifications push).<\/div>\n<div><\/div>\n<div>Salaisons d&rsquo;Anniviers SA transmet les donn\u00e9es personnelles \u00e0 des tiers seulement dans la mesure o\u00f9 elles sont indispensables pour la bonne ex\u00e9cution de la commande ou du paiement (par ex. transmission des donn\u00e9es \u00e0 La Poste etc.), pour l\u2019information des clients ou pour la conduite de sondages. Nos partenaires effacent les donn\u00e9es personnelles de nos clients aussit\u00f4t qu\u2019elles ont perdu leur utilit\u00e9 et, en tout \u00e9tat de cause, \u00e0 l\u2019\u00e9ch\u00e9ance du d\u00e9lai de conservation fix\u00e9 par la loi. Les informations sont trait\u00e9es avec la plus grande confidentialit\u00e9.<\/div>\n<div><\/div>\n<p><span style=\"color: #da1919;\">Droit applicable<\/span><\/p>\n<div>Les pr\u00e9sentes CGV ainsi que l&rsquo;ensemble des confirmations de commande et des contrats Salaisons d&rsquo;Anniviers SA. sont soumises au droit suisse.<\/div>\n<p><span style=\"color: #da1919;\">Lieu d\u2019ex\u00e9cution<\/span><\/p>\n<div id=\"1214851149\" class=\"u_1214851149 dmNewParagraph\" data-dmtmpl=\"true\" data-uialign=\"left\">\n<p>Le lieu d&rsquo;ex\u00e9cution pour l&rsquo;ensemble des prestations de Salaisons d&rsquo;Anniviers SA et de nos clients est notre si\u00e8ge \u00e0 Vissoie.<\/p>\n<\/div>\n<p>\n<\/div><\/div><\/div><\/div><\/div><\/div><\/div><\/div><\/div><\/div><\/div><\/div><\/div><\/div><script id=\"script-row-unique-0\" data-row=\"script-row-unique-0\" type=\"text\/javascript\" class=\"vc_controls\">UNCODE.initRow(document.getElementById(\"row-unique-0\"));<\/script><\/div><\/div><\/div>\n<\/div>","protected":false},"excerpt":{"rendered":"Version en date du 30.06.21Conditions g\u00e9n\u00e9rales de vente Salaisons d&rsquo;Anniviers SA garantit la livraison de produits de qualit\u00e9. Votre satisfaction [...]","protected":false},"author":1,"featured_media":0,"parent":0,"menu_order":0,"comment_status":"closed","ping_status":"open","template":"","meta":{"footnotes":""},"class_list":["post-3","page","type-page","status-publish","hentry"],"yoast_head":"<!-- This site is optimized with the Yoast SEO plugin v27.4 - https:\/\/yoast.com\/product\/yoast-seo-wordpress\/ -->\n<title>Conditions g\u00e9n\u00e9rales de vente - Salaisons Anniviers - Vissoie, Valais<\/title>\n<meta name=\"description\" content=\"Vente de produits r\u00e9gionaux, traditionnels et faits maison : viande s\u00e9ch\u00e9e, lard du Valais, jambon cru, cochonnet, saucisses, ...\" \/>\n<meta name=\"robots\" content=\"index, follow, max-snippet:-1, max-image-preview:large, max-video-preview:-1\" \/>\n<link rel=\"canonical\" href=\"https:\/\/salaisons-anniviers.ch\/de\/conditions-generales-de-vente\/\" \/>\n<meta property=\"og:locale\" content=\"de_DE\" \/>\n<meta property=\"og:type\" content=\"article\" \/>\n<meta property=\"og:title\" content=\"Conditions g\u00e9n\u00e9rales de vente - Salaisons Anniviers - Vissoie, Valais\" \/>\n<meta property=\"og:description\" content=\"Vente de produits r\u00e9gionaux, traditionnels et faits maison : viande s\u00e9ch\u00e9e, lard du Valais, jambon cru, cochonnet, saucisses, ...\" \/>\n<meta property=\"og:url\" content=\"https:\/\/salaisons-anniviers.ch\/de\/conditions-generales-de-vente\/\" \/>\n<meta property=\"og:site_name\" content=\"Salaisons Anniviers\" \/>\n<meta property=\"article:modified_time\" content=\"2024-01-08T10:50:54+00:00\" \/>\n<meta name=\"twitter:card\" content=\"summary_large_image\" \/>\n<meta name=\"twitter:label1\" content=\"Gesch\u00e4tzte Lesezeit\" \/>\n\t<meta name=\"twitter:data1\" content=\"5\u00a0Minuten\" \/>\n<script type=\"application\/ld+json\" class=\"yoast-schema-graph\">{\"@context\":\"https:\\\/\\\/schema.org\",\"@graph\":[{\"@type\":\"WebPage\",\"@id\":\"https:\\\/\\\/salaisons-anniviers.ch\\\/conditions-generales-de-vente\\\/\",\"url\":\"https:\\\/\\\/salaisons-anniviers.ch\\\/conditions-generales-de-vente\\\/\",\"name\":\"Conditions g\u00e9n\u00e9rales de vente - Salaisons Anniviers - Vissoie, Valais\",\"isPartOf\":{\"@id\":\"https:\\\/\\\/salaisons-anniviers.ch\\\/#website\"},\"datePublished\":\"2021-06-23T08:03:44+00:00\",\"dateModified\":\"2024-01-08T10:50:54+00:00\",\"description\":\"Vente de produits r\u00e9gionaux, traditionnels et faits maison : viande s\u00e9ch\u00e9e, lard du Valais, jambon cru, cochonnet, saucisses, ...\",\"breadcrumb\":{\"@id\":\"https:\\\/\\\/salaisons-anniviers.ch\\\/conditions-generales-de-vente\\\/#breadcrumb\"},\"inLanguage\":\"de-CH\",\"potentialAction\":[{\"@type\":\"ReadAction\",\"target\":[\"https:\\\/\\\/salaisons-anniviers.ch\\\/conditions-generales-de-vente\\\/\"]}]},{\"@type\":\"BreadcrumbList\",\"@id\":\"https:\\\/\\\/salaisons-anniviers.ch\\\/conditions-generales-de-vente\\\/#breadcrumb\",\"itemListElement\":[{\"@type\":\"ListItem\",\"position\":1,\"name\":\"Accueil\",\"item\":\"https:\\\/\\\/salaisons-anniviers.ch\\\/\"},{\"@type\":\"ListItem\",\"position\":2,\"name\":\"Conditions g\u00e9n\u00e9rales de vente\"}]},{\"@type\":\"WebSite\",\"@id\":\"https:\\\/\\\/salaisons-anniviers.ch\\\/#website\",\"url\":\"https:\\\/\\\/salaisons-anniviers.ch\\\/\",\"name\":\"Salaisons Anniviers\",\"description\":\"Sp\u00e9cialit\u00e9s valaisannes\",\"publisher\":{\"@id\":\"https:\\\/\\\/salaisons-anniviers.ch\\\/#organization\"},\"potentialAction\":[{\"@type\":\"SearchAction\",\"target\":{\"@type\":\"EntryPoint\",\"urlTemplate\":\"https:\\\/\\\/salaisons-anniviers.ch\\\/?s={search_term_string}\"},\"query-input\":{\"@type\":\"PropertyValueSpecification\",\"valueRequired\":true,\"valueName\":\"search_term_string\"}}],\"inLanguage\":\"de-CH\"},{\"@type\":\"Organization\",\"@id\":\"https:\\\/\\\/salaisons-anniviers.ch\\\/#organization\",\"name\":\"Salaisons Anniviers\",\"url\":\"https:\\\/\\\/salaisons-anniviers.ch\\\/\",\"logo\":{\"@type\":\"ImageObject\",\"inLanguage\":\"de-CH\",\"@id\":\"https:\\\/\\\/salaisons-anniviers.ch\\\/#\\\/schema\\\/logo\\\/image\\\/\",\"url\":\"https:\\\/\\\/salaisons-anniviers.ch\\\/wp-content\\\/uploads\\\/2025\\\/10\\\/cropped-logo-salaisons-d-annivers-transp2.png\",\"contentUrl\":\"https:\\\/\\\/salaisons-anniviers.ch\\\/wp-content\\\/uploads\\\/2025\\\/10\\\/cropped-logo-salaisons-d-annivers-transp2.png\",\"width\":200,\"height\":202,\"caption\":\"Salaisons Anniviers\"},\"image\":{\"@id\":\"https:\\\/\\\/salaisons-anniviers.ch\\\/#\\\/schema\\\/logo\\\/image\\\/\"}}]}<\/script>\n<!-- \/ Yoast SEO plugin. -->","yoast_head_json":{"title":"Conditions g\u00e9n\u00e9rales de vente - Salaisons Anniviers - Vissoie, Valais","description":"Vente de produits r\u00e9gionaux, traditionnels et faits maison : viande s\u00e9ch\u00e9e, lard du Valais, jambon cru, cochonnet, saucisses, ...","robots":{"index":"index","follow":"follow","max-snippet":"max-snippet:-1","max-image-preview":"max-image-preview:large","max-video-preview":"max-video-preview:-1"},"canonical":"https:\/\/salaisons-anniviers.ch\/de\/conditions-generales-de-vente\/","og_locale":"de_DE","og_type":"article","og_title":"Conditions g\u00e9n\u00e9rales de vente - Salaisons Anniviers - Vissoie, Valais","og_description":"Vente de produits r\u00e9gionaux, traditionnels et faits maison : viande s\u00e9ch\u00e9e, lard du Valais, jambon cru, cochonnet, saucisses, ...","og_url":"https:\/\/salaisons-anniviers.ch\/de\/conditions-generales-de-vente\/","og_site_name":"Salaisons Anniviers","article_modified_time":"2024-01-08T10:50:54+00:00","twitter_card":"summary_large_image","twitter_misc":{"Gesch\u00e4tzte Lesezeit":"5\u00a0Minuten"},"schema":{"@context":"https:\/\/schema.org","@graph":[{"@type":"WebPage","@id":"https:\/\/salaisons-anniviers.ch\/conditions-generales-de-vente\/","url":"https:\/\/salaisons-anniviers.ch\/conditions-generales-de-vente\/","name":"Conditions g\u00e9n\u00e9rales de vente - Salaisons Anniviers - Vissoie, Valais","isPartOf":{"@id":"https:\/\/salaisons-anniviers.ch\/#website"},"datePublished":"2021-06-23T08:03:44+00:00","dateModified":"2024-01-08T10:50:54+00:00","description":"Vente de produits r\u00e9gionaux, traditionnels et faits maison : viande s\u00e9ch\u00e9e, lard du Valais, jambon cru, cochonnet, saucisses, ...","breadcrumb":{"@id":"https:\/\/salaisons-anniviers.ch\/conditions-generales-de-vente\/#breadcrumb"},"inLanguage":"de-CH","potentialAction":[{"@type":"ReadAction","target":["https:\/\/salaisons-anniviers.ch\/conditions-generales-de-vente\/"]}]},{"@type":"BreadcrumbList","@id":"https:\/\/salaisons-anniviers.ch\/conditions-generales-de-vente\/#breadcrumb","itemListElement":[{"@type":"ListItem","position":1,"name":"Accueil","item":"https:\/\/salaisons-anniviers.ch\/"},{"@type":"ListItem","position":2,"name":"Conditions g\u00e9n\u00e9rales de vente"}]},{"@type":"WebSite","@id":"https:\/\/salaisons-anniviers.ch\/#website","url":"https:\/\/salaisons-anniviers.ch\/","name":"Salaisons Anniviers","description":"Sp\u00e9cialit\u00e9s valaisannes","publisher":{"@id":"https:\/\/salaisons-anniviers.ch\/#organization"},"potentialAction":[{"@type":"SearchAction","target":{"@type":"EntryPoint","urlTemplate":"https:\/\/salaisons-anniviers.ch\/?s={search_term_string}"},"query-input":{"@type":"PropertyValueSpecification","valueRequired":true,"valueName":"search_term_string"}}],"inLanguage":"de-CH"},{"@type":"Organization","@id":"https:\/\/salaisons-anniviers.ch\/#organization","name":"Salaisons Anniviers","url":"https:\/\/salaisons-anniviers.ch\/","logo":{"@type":"ImageObject","inLanguage":"de-CH","@id":"https:\/\/salaisons-anniviers.ch\/#\/schema\/logo\/image\/","url":"https:\/\/salaisons-anniviers.ch\/wp-content\/uploads\/2025\/10\/cropped-logo-salaisons-d-annivers-transp2.png","contentUrl":"https:\/\/salaisons-anniviers.ch\/wp-content\/uploads\/2025\/10\/cropped-logo-salaisons-d-annivers-transp2.png","width":200,"height":202,"caption":"Salaisons Anniviers"},"image":{"@id":"https:\/\/salaisons-anniviers.ch\/#\/schema\/logo\/image\/"}}]}},"_links":{"self":[{"href":"https:\/\/salaisons-anniviers.ch\/de\/wp-json\/wp\/v2\/pages\/3","targetHints":{"allow":["GET"]}}],"collection":[{"href":"https:\/\/salaisons-anniviers.ch\/de\/wp-json\/wp\/v2\/pages"}],"about":[{"href":"https:\/\/salaisons-anniviers.ch\/de\/wp-json\/wp\/v2\/types\/page"}],"author":[{"embeddable":true,"href":"https:\/\/salaisons-anniviers.ch\/de\/wp-json\/wp\/v2\/users\/1"}],"replies":[{"embeddable":true,"href":"https:\/\/salaisons-anniviers.ch\/de\/wp-json\/wp\/v2\/comments?post=3"}],"version-history":[{"count":14,"href":"https:\/\/salaisons-anniviers.ch\/de\/wp-json\/wp\/v2\/pages\/3\/revisions"}],"predecessor-version":[{"id":106560,"href":"https:\/\/salaisons-anniviers.ch\/de\/wp-json\/wp\/v2\/pages\/3\/revisions\/106560"}],"wp:attachment":[{"href":"https:\/\/salaisons-anniviers.ch\/de\/wp-json\/wp\/v2\/media?parent=3"}],"curies":[{"name":"wp","href":"https:\/\/api.w.org\/{rel}","templated":true}]}}