{"id":28857,"date":"2021-06-23T10:15:37","date_gmt":"2021-06-23T08:15:37","guid":{"rendered":"https:\/\/new.salaisons-anniviers.ch\/my-account\/"},"modified":"2021-11-23T16:10:54","modified_gmt":"2021-11-23T15:10:54","slug":"mon-compte","status":"publish","type":"page","link":"https:\/\/salaisons-anniviers.ch\/de\/mon-compte\/","title":{"rendered":"Mon compte"},"content":{"rendered":"<div class=\"woocommerce\"><\/div>","protected":false},"excerpt":{"rendered":"","protected":false},"author":1,"featured_media":0,"parent":0,"menu_order":0,"comment_status":"closed","ping_status":"closed","template":"","meta":{"footnotes":""},"class_list":["post-28857","page","type-page","status-publish","hentry"],"yoast_head":"<!-- This site is optimized with the Yoast SEO plugin v27.4 - https:\/\/yoast.com\/product\/yoast-seo-wordpress\/ -->\n<title>Mon compte - Salaisons Anniviers - Produits authentiques - Valais<\/title>\n<meta name=\"description\" content=\"Nos produits dans le respect de la tradition : Viande s\u00e9ch\u00e9e du Valais, Jambon cru, Lard sec, Sauci&#039;Seigle, saucisse au g\u00e9n\u00e9pi\" \/>\n<meta name=\"robots\" content=\"index, follow, max-snippet:-1, max-image-preview:large, max-video-preview:-1\" \/>\n<link rel=\"canonical\" href=\"https:\/\/salaisons-anniviers.ch\/de\/mon-compte\/\" \/>\n<meta property=\"og:locale\" content=\"de_DE\" \/>\n<meta property=\"og:type\" content=\"article\" \/>\n<meta property=\"og:title\" content=\"Mon compte - Salaisons Anniviers - Produits authentiques - Valais\" \/>\n<meta property=\"og:description\" content=\"Nos produits dans le respect de la tradition : Viande s\u00e9ch\u00e9e du Valais, Jambon cru, Lard sec, Sauci&#039;Seigle, saucisse au g\u00e9n\u00e9pi\" \/>\n<meta property=\"og:url\" content=\"https:\/\/salaisons-anniviers.ch\/de\/mon-compte\/\" \/>\n<meta property=\"og:site_name\" content=\"Salaisons Anniviers\" \/>\n<meta property=\"article:modified_time\" content=\"2021-11-23T15:10:54+00:00\" \/>\n<meta name=\"twitter:card\" content=\"summary_large_image\" \/>\n<script type=\"application\/ld+json\" class=\"yoast-schema-graph\">{\"@context\":\"https:\\\/\\\/schema.org\",\"@graph\":[{\"@type\":\"WebPage\",\"@id\":\"https:\\\/\\\/salaisons-anniviers.ch\\\/mon-compte\\\/\",\"url\":\"https:\\\/\\\/salaisons-anniviers.ch\\\/mon-compte\\\/\",\"name\":\"Mon compte - Salaisons Anniviers - Produits authentiques - Valais\",\"isPartOf\":{\"@id\":\"https:\\\/\\\/salaisons-anniviers.ch\\\/#website\"},\"datePublished\":\"2021-06-23T08:15:37+00:00\",\"dateModified\":\"2021-11-23T15:10:54+00:00\",\"description\":\"Nos produits dans le respect de la tradition : Viande s\u00e9ch\u00e9e du Valais, Jambon cru, Lard sec, Sauci'Seigle, saucisse au g\u00e9n\u00e9pi\",\"breadcrumb\":{\"@id\":\"https:\\\/\\\/salaisons-anniviers.ch\\\/mon-compte\\\/#breadcrumb\"},\"inLanguage\":\"de-CH\",\"potentialAction\":[{\"@type\":\"ReadAction\",\"target\":[\"https:\\\/\\\/salaisons-anniviers.ch\\\/mon-compte\\\/\"]}]},{\"@type\":\"BreadcrumbList\",\"@id\":\"https:\\\/\\\/salaisons-anniviers.ch\\\/mon-compte\\\/#breadcrumb\",\"itemListElement\":[{\"@type\":\"ListItem\",\"position\":1,\"name\":\"Accueil\",\"item\":\"https:\\\/\\\/salaisons-anniviers.ch\\\/\"},{\"@type\":\"ListItem\",\"position\":2,\"name\":\"Mon compte\"}]},{\"@type\":\"WebSite\",\"@id\":\"https:\\\/\\\/salaisons-anniviers.ch\\\/#website\",\"url\":\"https:\\\/\\\/salaisons-anniviers.ch\\\/\",\"name\":\"Salaisons Anniviers\",\"description\":\"Sp\u00e9cialit\u00e9s valaisannes\",\"publisher\":{\"@id\":\"https:\\\/\\\/salaisons-anniviers.ch\\\/#organization\"},\"potentialAction\":[{\"@type\":\"SearchAction\",\"target\":{\"@type\":\"EntryPoint\",\"urlTemplate\":\"https:\\\/\\\/salaisons-anniviers.ch\\\/?s={search_term_string}\"},\"query-input\":{\"@type\":\"PropertyValueSpecification\",\"valueRequired\":true,\"valueName\":\"search_term_string\"}}],\"inLanguage\":\"de-CH\"},{\"@type\":\"Organization\",\"@id\":\"https:\\\/\\\/salaisons-anniviers.ch\\\/#organization\",\"name\":\"Salaisons Anniviers\",\"url\":\"https:\\\/\\\/salaisons-anniviers.ch\\\/\",\"logo\":{\"@type\":\"ImageObject\",\"inLanguage\":\"de-CH\",\"@id\":\"https:\\\/\\\/salaisons-anniviers.ch\\\/#\\\/schema\\\/logo\\\/image\\\/\",\"url\":\"https:\\\/\\\/salaisons-anniviers.ch\\\/wp-content\\\/uploads\\\/2025\\\/10\\\/cropped-logo-salaisons-d-annivers-transp2.png\",\"contentUrl\":\"https:\\\/\\\/salaisons-anniviers.ch\\\/wp-content\\\/uploads\\\/2025\\\/10\\\/cropped-logo-salaisons-d-annivers-transp2.png\",\"width\":200,\"height\":202,\"caption\":\"Salaisons Anniviers\"},\"image\":{\"@id\":\"https:\\\/\\\/salaisons-anniviers.ch\\\/#\\\/schema\\\/logo\\\/image\\\/\"}}]}<\/script>\n<!-- \/ Yoast SEO plugin. -->","yoast_head_json":{"title":"Mon compte - Salaisons Anniviers - Produits authentiques - Valais","description":"Nos produits dans le respect de la tradition : Viande s\u00e9ch\u00e9e du Valais, Jambon cru, Lard sec, Sauci'Seigle, saucisse au g\u00e9n\u00e9pi","robots":{"index":"index","follow":"follow","max-snippet":"max-snippet:-1","max-image-preview":"max-image-preview:large","max-video-preview":"max-video-preview:-1"},"canonical":"https:\/\/salaisons-anniviers.ch\/de\/mon-compte\/","og_locale":"de_DE","og_type":"article","og_title":"Mon compte - Salaisons Anniviers - Produits authentiques - Valais","og_description":"Nos produits dans le respect de la tradition : Viande s\u00e9ch\u00e9e du Valais, Jambon cru, Lard sec, Sauci'Seigle, saucisse au g\u00e9n\u00e9pi","og_url":"https:\/\/salaisons-anniviers.ch\/de\/mon-compte\/","og_site_name":"Salaisons Anniviers","article_modified_time":"2021-11-23T15:10:54+00:00","twitter_card":"summary_large_image","schema":{"@context":"https:\/\/schema.org","@graph":[{"@type":"WebPage","@id":"https:\/\/salaisons-anniviers.ch\/mon-compte\/","url":"https:\/\/salaisons-anniviers.ch\/mon-compte\/","name":"Mon compte - Salaisons Anniviers - Produits authentiques - Valais","isPartOf":{"@id":"https:\/\/salaisons-anniviers.ch\/#website"},"datePublished":"2021-06-23T08:15:37+00:00","dateModified":"2021-11-23T15:10:54+00:00","description":"Nos produits dans le respect de la tradition : Viande s\u00e9ch\u00e9e du Valais, Jambon cru, Lard sec, Sauci'Seigle, saucisse au g\u00e9n\u00e9pi","breadcrumb":{"@id":"https:\/\/salaisons-anniviers.ch\/mon-compte\/#breadcrumb"},"inLanguage":"de-CH","potentialAction":[{"@type":"ReadAction","target":["https:\/\/salaisons-anniviers.ch\/mon-compte\/"]}]},{"@type":"BreadcrumbList","@id":"https:\/\/salaisons-anniviers.ch\/mon-compte\/#breadcrumb","itemListElement":[{"@type":"ListItem","position":1,"name":"Accueil","item":"https:\/\/salaisons-anniviers.ch\/"},{"@type":"ListItem","position":2,"name":"Mon compte"}]},{"@type":"WebSite","@id":"https:\/\/salaisons-anniviers.ch\/#website","url":"https:\/\/salaisons-anniviers.ch\/","name":"Salaisons Anniviers","description":"Sp\u00e9cialit\u00e9s valaisannes","publisher":{"@id":"https:\/\/salaisons-anniviers.ch\/#organization"},"potentialAction":[{"@type":"SearchAction","target":{"@type":"EntryPoint","urlTemplate":"https:\/\/salaisons-anniviers.ch\/?s={search_term_string}"},"query-input":{"@type":"PropertyValueSpecification","valueRequired":true,"valueName":"search_term_string"}}],"inLanguage":"de-CH"},{"@type":"Organization","@id":"https:\/\/salaisons-anniviers.ch\/#organization","name":"Salaisons Anniviers","url":"https:\/\/salaisons-anniviers.ch\/","logo":{"@type":"ImageObject","inLanguage":"de-CH","@id":"https:\/\/salaisons-anniviers.ch\/#\/schema\/logo\/image\/","url":"https:\/\/salaisons-anniviers.ch\/wp-content\/uploads\/2025\/10\/cropped-logo-salaisons-d-annivers-transp2.png","contentUrl":"https:\/\/salaisons-anniviers.ch\/wp-content\/uploads\/2025\/10\/cropped-logo-salaisons-d-annivers-transp2.png","width":200,"height":202,"caption":"Salaisons Anniviers"},"image":{"@id":"https:\/\/salaisons-anniviers.ch\/#\/schema\/logo\/image\/"}}]}},"_links":{"self":[{"href":"https:\/\/salaisons-anniviers.ch\/de\/wp-json\/wp\/v2\/pages\/28857","targetHints":{"allow":["GET"]}}],"collection":[{"href":"https:\/\/salaisons-anniviers.ch\/de\/wp-json\/wp\/v2\/pages"}],"about":[{"href":"https:\/\/salaisons-anniviers.ch\/de\/wp-json\/wp\/v2\/types\/page"}],"author":[{"embeddable":true,"href":"https:\/\/salaisons-anniviers.ch\/de\/wp-json\/wp\/v2\/users\/1"}],"replies":[{"embeddable":true,"href":"https:\/\/salaisons-anniviers.ch\/de\/wp-json\/wp\/v2\/comments?post=28857"}],"version-history":[{"count":1,"href":"https:\/\/salaisons-anniviers.ch\/de\/wp-json\/wp\/v2\/pages\/28857\/revisions"}],"predecessor-version":[{"id":87970,"href":"https:\/\/salaisons-anniviers.ch\/de\/wp-json\/wp\/v2\/pages\/28857\/revisions\/87970"}],"wp:attachment":[{"href":"https:\/\/salaisons-anniviers.ch\/de\/wp-json\/wp\/v2\/media?parent=28857"}],"curies":[{"name":"wp","href":"https:\/\/api.w.org\/{rel}","templated":true}]}}